{"id":1549,"date":"2017-05-14T20:24:17","date_gmt":"2017-05-14T18:24:17","guid":{"rendered":"http:\/\/questionthegrid.com\/devhumtest\/uber-uns\/"},"modified":"2023-06-20T14:42:59","modified_gmt":"2023-06-20T12:42:59","slug":"uber-uns","status":"publish","type":"page","link":"https:\/\/mslabos.eu\/hum\/de\/uber-uns\/","title":{"rendered":"\u00dcber uns"},"content":{"rendered":"<div id='av-layout-grid-1'  class='av-layout-grid-container av-av_layout_row-caf1f26e08707a2ebe9176b630e736c2 entry-content-wrapper main_color av-flex-cells  avia-builder-el-0  avia-builder-el-no-sibling   container_wrap fullsize'  >\n\n<style type=\"text\/css\" data-created_by=\"avia_inline_auto\" id=\"style-css-av-av_cell_one_full-f57c70f9f5a63fd800eb5b955b847c2a\">\n.flex_cell.av-av_cell_one_full-f57c70f9f5a63fd800eb5b955b847c2a{\nvertical-align:top;\n}\n.responsive #top #wrap_all .flex_cell.av-av_cell_one_full-f57c70f9f5a63fd800eb5b955b847c2a{\npadding:30px 30px 30px 30px !important;\n}\n<\/style>\n<div class='flex_cell av-av_cell_one_full-f57c70f9f5a63fd800eb5b955b847c2a av-gridrow-cell av_one_full no_margin  avia-builder-el-1  avia-builder-el-no-sibling '  ><div class='flex_cell_inner'><p>\n<style type=\"text\/css\" data-created_by=\"avia_inline_auto\" id=\"style-css-av-av_one_full-6126cab7d8fab8d08143dd2dacdf673c\">\n.flex_column.av-av_one_full-6126cab7d8fab8d08143dd2dacdf673c{\nborder-radius:0px 0px 0px 0px;\npadding:0px 0px 0px 0px;\n}\n<\/style>\n<div  class='flex_column av-av_one_full-6126cab7d8fab8d08143dd2dacdf673c av_one_full  avia-builder-el-2  el_before_av_hr  avia-builder-el-first  first flex_column_div av-zero-column-padding  '     ><section  class='av_textblock_section av-av_textblock-0366cc7376be6c9e82a3e9cc8987b64f '   itemscope=\"itemscope\" itemtype=\"https:\/\/schema.org\/CreativeWork\" ><div class='avia_textblock'  itemprop=\"text\" ><h3 style=\"text-align: center;\">\u00dcber uns<\/h3>\n<\/div><\/section><\/div>\n<style type=\"text\/css\" data-created_by=\"avia_inline_auto\" id=\"style-css-av-av_hr-0688d0b0b6ed2f8b057db7a8270206df\">\n#top .hr.hr-invisible.av-av_hr-0688d0b0b6ed2f8b057db7a8270206df{\nheight:50px;\n}\n<\/style>\n<div  class='hr av-av_hr-0688d0b0b6ed2f8b057db7a8270206df hr-invisible  avia-builder-el-4  el_after_av_one_full  el_before_av_one_third '><span class='hr-inner '><span class=\"hr-inner-style\"><\/span><\/span><\/div><br \/>\n<div class='flex_column_table av-av_one_third-864199469696e24348b41c13bc85fe53 sc-av_one_third av-equal-height-column-flextable'>\n<style type=\"text\/css\" data-created_by=\"avia_inline_auto\" id=\"style-css-av-av_one_third-864199469696e24348b41c13bc85fe53\">\n.flex_column.av-av_one_third-864199469696e24348b41c13bc85fe53{\nborder-radius:0px 0px 0px 0px;\npadding:40px 40px 40px 40px;\nbackground-color:rgba(0,173,109,0.8);\n}\n<\/style>\n<div  class='flex_column av-av_one_third-864199469696e24348b41c13bc85fe53 av_one_third  avia-builder-el-5  el_after_av_hr  el_before_av_one_third  first no_margin flex_column_table_cell av-equal-height-column av-align-top  '     ><style type=\"text\/css\" data-created_by=\"avia_inline_auto\" id=\"style-css-av-av_textblock-0495ba487d93331d0a255e1072a23468\">\n#top .av_textblock_section.av-av_textblock-0495ba487d93331d0a255e1072a23468 .avia_textblock{\ncolor:#ffffff;\n}\n<\/style>\n<section  class='av_textblock_section av-av_textblock-0495ba487d93331d0a255e1072a23468 '   itemscope=\"itemscope\" itemtype=\"https:\/\/schema.org\/CreativeWork\" ><div class='avia_textblock av_inherit_color'  itemprop=\"text\" ><h3 style=\"text-align: center;\">GESCHICHTE<\/h3>\n<p style=\"text-align: center;\">Die Firma Melet Schloesing wurde 1986 gegr\u00fcndet und ist seither im Bereich H\u00e4matologie und Biochemie f\u00fcr die Zuverl\u00e4ssigkeit ihrer Analysatoren weltweit bekannt.<\/p>\n<\/div><\/section><br \/>\n\n<style type=\"text\/css\" data-created_by=\"avia_inline_auto\" id=\"style-css-av-av_hr-0688d0b0b6ed2f8b057db7a8270206df\">\n#top .hr.hr-invisible.av-av_hr-0688d0b0b6ed2f8b057db7a8270206df{\nheight:50px;\n}\n<\/style>\n<div  class='hr av-av_hr-0688d0b0b6ed2f8b057db7a8270206df hr-invisible  avia-builder-el-7  el_after_av_textblock  el_before_av_button '><span class='hr-inner '><span class=\"hr-inner-style\"><\/span><\/span><\/div><br \/>\n<div  class='avia-button-wrap av-av_button-c561300b5672a234ff141b2f801b228f-wrap avia-button-center  avia-builder-el-8  el_after_av_hr  avia-builder-el-last '><a href='http:\/\/mslabos.eu\/hum\/de\/uber-uns\/geschichte\/'  class='avia-button av-av_button-c561300b5672a234ff141b2f801b228f av-link-btn avia-icon_select-no avia-size-medium avia-position-center avia-color-theme-color'   aria-label=\"Weiter\"><span class='avia_iconbox_title' >Weiter<\/span><\/a><\/div><\/p><\/div>\n<style type=\"text\/css\" data-created_by=\"avia_inline_auto\" id=\"style-css-av-av_one_third-8a76b61c0458ab29c4d611b2e24e29da\">\n.flex_column.av-av_one_third-8a76b61c0458ab29c4d611b2e24e29da{\nborder-radius:0px 0px 0px 0px;\npadding:40px 40px 40px 40px;\nbackground-color:rgba(0,173,109,0.4);\n}\n<\/style>\n<div  class='flex_column av-av_one_third-8a76b61c0458ab29c4d611b2e24e29da av_one_third  avia-builder-el-9  el_after_av_one_third  el_before_av_one_third  no_margin flex_column_table_cell av-equal-height-column av-align-top  '     ><style type=\"text\/css\" data-created_by=\"avia_inline_auto\" id=\"style-css-av-av_textblock-a6940c2c5319e911680180d5de4c5043\">\n#top .av_textblock_section.av-av_textblock-a6940c2c5319e911680180d5de4c5043 .avia_textblock{\ncolor:#00ad6d;\n}\n<\/style>\n<section  class='av_textblock_section av-av_textblock-a6940c2c5319e911680180d5de4c5043 '   itemscope=\"itemscope\" itemtype=\"https:\/\/schema.org\/CreativeWork\" ><div class='avia_textblock av_inherit_color'  itemprop=\"text\" ><h3 style=\"text-align: center;\">UNTERNEHMEN<\/h3>\n<p style=\"text-align: center;\">Die Hauptstandorte von Melet Schloesing Laboratoires.<\/p>\n<\/div><\/section><br \/>\n\n<style type=\"text\/css\" data-created_by=\"avia_inline_auto\" id=\"style-css-av-av_image-77a65d42b594b8a807d339de92a51ac0\">\n.avia-image-container.av-av_image-77a65d42b594b8a807d339de92a51ac0 img.avia_image{\nbox-shadow:none;\n}\n.avia-image-container.av-av_image-77a65d42b594b8a807d339de92a51ac0 .av-image-caption-overlay-center{\ncolor:#ffffff;\n}\n<\/style>\n<div  class='avia-image-container av-av_image-77a65d42b594b8a807d339de92a51ac0 av-styling- avia-align-center  avia-builder-el-11  el_after_av_textblock  el_before_av_hr '   itemprop=\"image\" itemscope=\"itemscope\" itemtype=\"https:\/\/schema.org\/ImageObject\" ><div class=\"avia-image-container-inner\"><div class=\"avia-image-overlay-wrap\"><img decoding=\"async\" fetchpriority=\"high\" class='wp-image-3962 avia-img-lazy-loading-not-3962 avia_image ' src=\"https:\/\/mslabos.eu\/hum\/wp-content\/uploads\/2017\/02\/sites_lab_1-180x180.jpg\" alt='' title='nous-connaitre-nos-sites-lab1'  height=\"180\" width=\"180\"  itemprop=\"thumbnailUrl\" srcset=\"https:\/\/mslabos.eu\/hum\/wp-content\/uploads\/2017\/02\/sites_lab_1-180x180.jpg 180w, https:\/\/mslabos.eu\/hum\/wp-content\/uploads\/2017\/02\/sites_lab_1-80x80.jpg 80w, https:\/\/mslabos.eu\/hum\/wp-content\/uploads\/2017\/02\/sites_lab_1-36x36.jpg 36w, https:\/\/mslabos.eu\/hum\/wp-content\/uploads\/2017\/02\/sites_lab_1-120x120.jpg 120w, https:\/\/mslabos.eu\/hum\/wp-content\/uploads\/2017\/02\/sites_lab_1-450x450.jpg 450w\" sizes=\"(max-width: 180px) 100vw, 180px\" \/><\/div><\/div><\/div><br \/>\n\n<style type=\"text\/css\" data-created_by=\"avia_inline_auto\" id=\"style-css-av-av_hr-0688d0b0b6ed2f8b057db7a8270206df\">\n#top .hr.hr-invisible.av-av_hr-0688d0b0b6ed2f8b057db7a8270206df{\nheight:50px;\n}\n<\/style>\n<div  class='hr av-av_hr-0688d0b0b6ed2f8b057db7a8270206df hr-invisible  avia-builder-el-12  el_after_av_image  el_before_av_button '><span class='hr-inner '><span class=\"hr-inner-style\"><\/span><\/span><\/div><br \/>\n<div  class='avia-button-wrap av-av_button-ddb83bca01aeed724731750487773646-wrap avia-button-center  avia-builder-el-13  el_after_av_hr  avia-builder-el-last '><a href='http:\/\/mslabos.eu\/hum\/de\/uber-uns\/unternehmen\/'  class='avia-button av-av_button-ddb83bca01aeed724731750487773646 av-link-btn avia-icon_select-no avia-size-medium avia-position-center avia-color-theme-color'   aria-label=\"Weiter\"><span class='avia_iconbox_title' >Weiter<\/span><\/a><\/div><\/p><\/div>\n<style type=\"text\/css\" data-created_by=\"avia_inline_auto\" id=\"style-css-av-av_one_third-58f5f392cf351735cb17c32a793a52af\">\n.flex_column.av-av_one_third-58f5f392cf351735cb17c32a793a52af{\nborder-radius:0px 0px 0px 0px;\npadding:40px 40px 40px 40px;\nbackground-color:rgba(0,173,109,0.8);\n}\n<\/style>\n<div  class='flex_column av-av_one_third-58f5f392cf351735cb17c32a793a52af av_one_third  avia-builder-el-14  el_after_av_one_third  avia-builder-el-last  no_margin flex_column_table_cell av-equal-height-column av-align-top  '     ><style type=\"text\/css\" data-created_by=\"avia_inline_auto\" id=\"style-css-av-av_textblock-0495ba487d93331d0a255e1072a23468\">\n#top .av_textblock_section.av-av_textblock-0495ba487d93331d0a255e1072a23468 .avia_textblock{\ncolor:#ffffff;\n}\n<\/style>\n<section  class='av_textblock_section av-av_textblock-0495ba487d93331d0a255e1072a23468 '   itemscope=\"itemscope\" itemtype=\"https:\/\/schema.org\/CreativeWork\" ><div class='avia_textblock av_inherit_color'  itemprop=\"text\" ><h3 style=\"text-align: center;\">NEW BUSINESS DEVELOPMENT<\/h3>\n<p style=\"text-align: center;\">Das unternehmen MELET SCHLOESING Laboratoires steht seit \u00fcber 35 Jahren f\u00fcr die innovative Entwicklungen von Analysesystemen im Bereich H\u00e4matologie und Biochemie.<\/p>\n<\/div><\/section><br \/>\n\n<style type=\"text\/css\" data-created_by=\"avia_inline_auto\" id=\"style-css-av-av_image-a893c26f7bef15b8d417dd3320d760a1\">\n.avia-image-container.av-av_image-a893c26f7bef15b8d417dd3320d760a1 img.avia_image{\nbox-shadow:none;\n}\n.avia-image-container.av-av_image-a893c26f7bef15b8d417dd3320d760a1 .av-image-caption-overlay-center{\ncolor:#ffffff;\n}\n<\/style>\n<div  class='avia-image-container av-av_image-a893c26f7bef15b8d417dd3320d760a1 av-styling- avia-align-center  avia-builder-el-16  el_after_av_textblock  el_before_av_hr '   itemprop=\"image\" itemscope=\"itemscope\" itemtype=\"https:\/\/schema.org\/ImageObject\" ><div class=\"avia-image-container-inner\"><div class=\"avia-image-overlay-wrap\"><img decoding=\"async\" fetchpriority=\"high\" class='wp-image-4145 avia-img-lazy-loading-not-4145 avia_image ' src=\"https:\/\/mslabos.eu\/hum\/wp-content\/uploads\/2017\/02\/new-business-2-180x180.png\" alt='' title='nous-connaitre-new-business-2'  height=\"180\" width=\"180\"  itemprop=\"thumbnailUrl\" srcset=\"https:\/\/mslabos.eu\/hum\/wp-content\/uploads\/2017\/02\/new-business-2-180x180.png 180w, https:\/\/mslabos.eu\/hum\/wp-content\/uploads\/2017\/02\/new-business-2-80x80.png 80w, https:\/\/mslabos.eu\/hum\/wp-content\/uploads\/2017\/02\/new-business-2-36x36.png 36w, https:\/\/mslabos.eu\/hum\/wp-content\/uploads\/2017\/02\/new-business-2-120x120.png 120w, https:\/\/mslabos.eu\/hum\/wp-content\/uploads\/2017\/02\/new-business-2-450x450.png 450w\" sizes=\"(max-width: 180px) 100vw, 180px\" \/><\/div><\/div><\/div><br \/>\n\n<style type=\"text\/css\" data-created_by=\"avia_inline_auto\" id=\"style-css-av-av_hr-0688d0b0b6ed2f8b057db7a8270206df\">\n#top .hr.hr-invisible.av-av_hr-0688d0b0b6ed2f8b057db7a8270206df{\nheight:50px;\n}\n<\/style>\n<div  class='hr av-av_hr-0688d0b0b6ed2f8b057db7a8270206df hr-invisible  avia-builder-el-17  el_after_av_image  el_before_av_button '><span class='hr-inner '><span class=\"hr-inner-style\"><\/span><\/span><\/div><br \/>\n<div  class='avia-button-wrap av-av_button-29d05d7d674de44979b7719c67ff87e9-wrap avia-button-center  avia-builder-el-18  el_after_av_hr  avia-builder-el-last '><a href='http:\/\/mslabos.eu\/hum\/de\/uber-uns\/new-business-development\/'  class='avia-button av-av_button-29d05d7d674de44979b7719c67ff87e9 av-link-btn avia-icon_select-no avia-size-medium avia-position-center avia-color-theme-color'   aria-label=\"Weiter\"><span class='avia_iconbox_title' >Weiter<\/span><\/a><\/div><\/p><\/div><\/div><!--close column table wrapper. Autoclose: 1 --><\/p>\n<\/div><\/div><\/div>\n","protected":false},"excerpt":{"rendered":"","protected":false},"author":3,"featured_media":0,"parent":0,"menu_order":0,"comment_status":"closed","ping_status":"closed","template":"","meta":{"footnotes":""},"class_list":["post-1549","page","type-page","status-publish","hentry"],"_links":{"self":[{"href":"https:\/\/mslabos.eu\/hum\/de\/wp-json\/wp\/v2\/pages\/1549"}],"collection":[{"href":"https:\/\/mslabos.eu\/hum\/de\/wp-json\/wp\/v2\/pages"}],"about":[{"href":"https:\/\/mslabos.eu\/hum\/de\/wp-json\/wp\/v2\/types\/page"}],"author":[{"embeddable":true,"href":"https:\/\/mslabos.eu\/hum\/de\/wp-json\/wp\/v2\/users\/3"}],"replies":[{"embeddable":true,"href":"https:\/\/mslabos.eu\/hum\/de\/wp-json\/wp\/v2\/comments?post=1549"}],"version-history":[{"count":12,"href":"https:\/\/mslabos.eu\/hum\/de\/wp-json\/wp\/v2\/pages\/1549\/revisions"}],"predecessor-version":[{"id":3576,"href":"https:\/\/mslabos.eu\/hum\/de\/wp-json\/wp\/v2\/pages\/1549\/revisions\/3576"}],"wp:attachment":[{"href":"https:\/\/mslabos.eu\/hum\/de\/wp-json\/wp\/v2\/media?parent=1549"}],"curies":[{"name":"wp","href":"https:\/\/api.w.org\/{rel}","templated":true}]}}