{"id":2268,"date":"2017-05-30T14:07:49","date_gmt":"2017-05-30T12:07:49","guid":{"rendered":"http:\/\/mslabos.eu\/hum\/haematology\/ms4\/"},"modified":"2023-03-16T12:03:18","modified_gmt":"2023-03-16T11:03:18","slug":"ms4","status":"publish","type":"page","link":"https:\/\/mslabos.eu\/hum\/en\/haematology\/ms4\/","title":{"rendered":"MS4"},"content":{"rendered":"<section  class='av_textblock_section av-av_textblock-0366cc7376be6c9e82a3e9cc8987b64f '   itemscope=\"itemscope\" itemtype=\"https:\/\/schema.org\/CreativeWork\" ><div class='avia_textblock'  itemprop=\"text\" ><h3 style=\"text-align: center;\">MS4 Range<\/h3>\n<div class=\"descriptionRub\" style=\"text-align: center;\">\n<div style=\"text-align: center;\">MS4 range means excellence in haematology instruments including\u00a0emergency laboratories for example. Their small size, reliability and high-performance give you a complete blood count within 2-3 minutes.<\/div>\n<\/div>\n<\/div><\/section>\n<\/div><\/div><\/div><!-- close content main div --><\/div><\/div><div id='av-layout-grid-1'  class='av-layout-grid-container av-av_layout_row-caf1f26e08707a2ebe9176b630e736c2 entry-content-wrapper main_color av-flex-cells  avia-builder-el-1  el_after_av_textblock  avia-builder-el-last  grid-row-not-first  container_wrap fullsize'  >\n\n<style type=\"text\/css\" data-created_by=\"avia_inline_auto\" id=\"style-css-av-av_cell_one_full-f57c70f9f5a63fd800eb5b955b847c2a\">\n.flex_cell.av-av_cell_one_full-f57c70f9f5a63fd800eb5b955b847c2a{\nvertical-align:top;\n}\n.responsive #top #wrap_all .flex_cell.av-av_cell_one_full-f57c70f9f5a63fd800eb5b955b847c2a{\npadding:30px 30px 30px 30px !important;\n}\n<\/style>\n<div class='flex_cell av-av_cell_one_full-f57c70f9f5a63fd800eb5b955b847c2a av-gridrow-cell av_one_full no_margin  avia-builder-el-2  avia-builder-el-no-sibling '  ><div class='flex_cell_inner'><p>\n<style type=\"text\/css\" data-created_by=\"avia_inline_auto\" id=\"style-css-av-av_hr-0688d0b0b6ed2f8b057db7a8270206df\">\n#top .hr.hr-invisible.av-av_hr-0688d0b0b6ed2f8b057db7a8270206df{\nheight:50px;\n}\n<\/style>\n<div  class='hr av-av_hr-0688d0b0b6ed2f8b057db7a8270206df hr-invisible  avia-builder-el-3  el_before_av_one_half  avia-builder-el-first '><span class='hr-inner '><span class=\"hr-inner-style\"><\/span><\/span><\/div><br \/>\n<div class='flex_column_table av-av_one_half-5f518e1649f57c7e33db4be903e671ea sc-av_one_half av-equal-height-column-flextable'>\n<style type=\"text\/css\" data-created_by=\"avia_inline_auto\" id=\"style-css-av-av_one_half-5f518e1649f57c7e33db4be903e671ea\">\n.flex_column.av-av_one_half-5f518e1649f57c7e33db4be903e671ea{\nborder-width:10px;\nborder-color:rgba(0,173,109,0.8);\nborder-style:solid;\nborder-radius:0px 0px 0px 0px;\npadding:0px 0px 0px 0px;\n}\n<\/style>\n<div  class='flex_column av-av_one_half-5f518e1649f57c7e33db4be903e671ea av_one_half  avia-builder-el-4  el_after_av_hr  el_before_av_one_half  first no_margin flex_column_table_cell av-equal-height-column av-align-top av-zero-column-padding  '     ><style type=\"text\/css\" data-created_by=\"avia_inline_auto\" id=\"style-css-av-av_image-a4458983fba6687e3d62da9b461b7aea\">\n.avia-image-container.av-av_image-a4458983fba6687e3d62da9b461b7aea img.avia_image{\nbox-shadow:none;\n}\n.avia-image-container.av-av_image-a4458983fba6687e3d62da9b461b7aea .av-image-caption-overlay-center{\ncolor:#ffffff;\n}\n<\/style>\n<div  class='avia-image-container av-av_image-a4458983fba6687e3d62da9b461b7aea av-styling- avia-align-center  avia-builder-el-5  avia-builder-el-no-sibling '   itemprop=\"image\" itemscope=\"itemscope\" itemtype=\"https:\/\/schema.org\/ImageObject\" ><div class=\"avia-image-container-inner\"><div class=\"avia-image-overlay-wrap\"><img decoding=\"async\" fetchpriority=\"high\" class='wp-image-4225 avia-img-lazy-loading-not-4225 avia_image ' src=\"https:\/\/mslabos.eu\/hum\/wp-content\/uploads\/2017\/01\/MS4S-gris-2.png\" alt='' title='MS4S-gris-2'  height=\"827\" width=\"700\"  itemprop=\"thumbnailUrl\" srcset=\"https:\/\/mslabos.eu\/hum\/wp-content\/uploads\/2017\/01\/MS4S-gris-2.png 700w, https:\/\/mslabos.eu\/hum\/wp-content\/uploads\/2017\/01\/MS4S-gris-2-254x300.png 254w, https:\/\/mslabos.eu\/hum\/wp-content\/uploads\/2017\/01\/MS4S-gris-2-597x705.png 597w, https:\/\/mslabos.eu\/hum\/wp-content\/uploads\/2017\/01\/MS4S-gris-2-450x532.png 450w\" sizes=\"(max-width: 700px) 100vw, 700px\" \/><\/div><\/div><\/div><\/div>\n<style type=\"text\/css\" data-created_by=\"avia_inline_auto\" id=\"style-css-av-av_one_half-58f5f392cf351735cb17c32a793a52af\">\n.flex_column.av-av_one_half-58f5f392cf351735cb17c32a793a52af{\nborder-radius:0px 0px 0px 0px;\npadding:40px 40px 40px 40px;\nbackground-color:rgba(0,173,109,0.8);\n}\n<\/style>\n<div  class='flex_column av-av_one_half-58f5f392cf351735cb17c32a793a52af av_one_half  avia-builder-el-6  el_after_av_one_half  el_before_av_one_full  no_margin flex_column_table_cell av-equal-height-column av-align-top  '     ><style type=\"text\/css\" data-created_by=\"avia_inline_auto\" id=\"style-css-av-av_textblock-0495ba487d93331d0a255e1072a23468\">\n#top .av_textblock_section.av-av_textblock-0495ba487d93331d0a255e1072a23468 .avia_textblock{\ncolor:#ffffff;\n}\n<\/style>\n<section  class='av_textblock_section av-av_textblock-0495ba487d93331d0a255e1072a23468 '   itemscope=\"itemscope\" itemtype=\"https:\/\/schema.org\/CreativeWork\" ><div class='avia_textblock av_inherit_color'  itemprop=\"text\" ><h1>MS4S<\/h1>\n<h3><\/h3>\n<p>The brand new MS4s allows you to choose the blood count that really match your expectations. For every case, you can choose wether you need:<\/p>\n<ul>\n<li>Either a 3-part-differential blood cell count within 50 seconds<\/li>\n<li>Or a complete 5-part-differential blood cell count within 80 seconds<\/li>\n<\/ul>\n<\/div><\/section><br \/>\n<div  class='togglecontainer av-av_toggle_container-8e0c6e39d39b619a829887bd54fff3ed  avia-builder-el-8  el_after_av_textblock  el_before_av_hr  toggle_close_all' >\n<section class='av_toggle_section av-av_toggle-4f37f6cb59c6ad14ae484fa13d2f5096'  itemscope=\"itemscope\" itemtype=\"https:\/\/schema.org\/CreativeWork\" ><div role=\"tablist\" class=\"single_toggle\" data-tags=\"{All} \"  ><p id='toggle-toggle-id-1' data-fake-id='#toggle-id-1' class='toggler  av-title-above '  itemprop=\"headline\"  role='tab' tabindex='0' aria-controls='toggle-id-1' data-slide-speed=\"200\" data-title=\"Specifications\" data-title-open=\"\" data-aria_collapsed=\"Click to expand: Specifications\" data-aria_expanded=\"Click to collapse: Specifications\">Specifications<span class=\"toggle_icon\"><span class=\"vert_icon\"><\/span><span class=\"hor_icon\"><\/span><\/span><\/p><div id='toggle-id-1' aria-labelledby='toggle-toggle-id-1' role='region' class='toggle_wrap  av-title-above'  ><div class='toggle_content invers-color '  itemprop=\"text\" ><ul class=\"element4\">\n<li class=\"caracteristique \">Only a drop of whole blood<\/li>\n<li class=\"caracteristique \">18 parameters with 3-part-differential and 21 parameters with 5-part-differential<\/li>\n<\/ul>\n<p><strong>WBC; Lym (%,#); Mon (%,#); Gra (%,#); RBC; Hb; Hct; MCV; MCHC; MCH; RDW; THR; MPV; PCT; PDW with 3-part-diff; + Eo (%,#); Neu (%,#); Ba (%) with 5-part-diff<\/strong><\/p>\n<ul class=\"element4\">\n<li class=\"caracteristique \">3 histograms with 3-part-diff, +1 with 5-part-diff<\/li>\n<\/ul>\n<p><strong>RBC, WBC, THR, +Eos (with 5-part-diff)<\/strong><\/p>\n<ul class=\"element4\">\n<li class=\"caracteristique \">Pre-programmed digital data banks :<\/li>\n<li class=\"list \">Male, Female, New-Born<\/li>\n<li class=\"caracteristique \">1 control blood bank and 2 programmable banks on request<\/li>\n<li class=\"caracteristique \">Up to 250 analyses in safeguard memory<\/li>\n<li class=\"caracteristique \">Built-in thermal printer and colour display<\/li>\n<li class=\"caracteristique \">3-part-diff \/ 5-part-diff select button<\/li>\n<li class=\"caracteristique \">optional cap piercing<\/li>\n<\/ul>\n<\/div><\/div><\/div><\/section>\n<section class='av_toggle_section av-av_toggle-ea63e73d4cd705621210a5c7df3de932'  itemscope=\"itemscope\" itemtype=\"https:\/\/schema.org\/CreativeWork\" ><div role=\"tablist\" class=\"single_toggle\" data-tags=\"{All} \"  ><p id='toggle-toggle-id-2' data-fake-id='#toggle-id-2' class='toggler  av-title-above '  itemprop=\"headline\"  role='tab' tabindex='0' aria-controls='toggle-id-2' data-slide-speed=\"200\" data-title=\"Documents\" data-title-open=\"\" data-aria_collapsed=\"Click to expand: Documents\" data-aria_expanded=\"Click to collapse: Documents\">Documents<span class=\"toggle_icon\"><span class=\"vert_icon\"><\/span><span class=\"hor_icon\"><\/span><\/span><\/p><div id='toggle-id-2' aria-labelledby='toggle-toggle-id-2' role='region' class='toggle_wrap  av-title-above'  ><div class='toggle_content invers-color '  itemprop=\"text\" ><ul>\n<li><a href=\"http:\/\/mslabos.eu\/hum\/wp-content\/uploads\/2023\/03\/Plaquette-MS4S-Hum-GB-2022.pdf\" target=\"_blank\" rel=\"noopener noreferrer\">MS4S leaflet<\/a><\/li>\n<\/ul>\n<\/div><\/div><\/div><\/section>\n<\/div><br \/>\n\n<style type=\"text\/css\" data-created_by=\"avia_inline_auto\" id=\"style-css-av-av_hr-0688d0b0b6ed2f8b057db7a8270206df\">\n#top .hr.hr-invisible.av-av_hr-0688d0b0b6ed2f8b057db7a8270206df{\nheight:50px;\n}\n<\/style>\n<div  class='hr av-av_hr-0688d0b0b6ed2f8b057db7a8270206df hr-invisible  avia-builder-el-9  el_after_av_toggle_container  el_before_av_video '><span class='hr-inner '><span class=\"hr-inner-style\"><\/span><\/span><\/div><br \/>\n<div  class='avia-video av-av_video-6020966969575d1d152ed3d77137fac5 avia-video-16-9 av-no-preview-image avia-video-load-always av-lazyload-immediate av-lazyload-video-embed'  itemprop=\"video\" itemtype=\"https:\/\/schema.org\/VideoObject\"  data-original_url='https:\/\/www.youtube.com\/watch?v=yRcQDLhBBT0&amp;t=32s'><script type='text\/html' class='av-video-tmpl'><div class='avia-iframe-wrap'><iframe loading=\"lazy\" title=\"MS Laboratoires -HAEMATOLOGY - MS4S analyser\" width=\"1500\" height=\"844\" src=\"https:\/\/www.youtube.com\/embed\/yRcQDLhBBT0?start=32&feature=oembed&autoplay=0&loop=0&controls=1&mute=0\" frameborder=\"0\" allow=\"accelerometer; autoplay; clipboard-write; encrypted-media; gyroscope; picture-in-picture; web-share\" referrerpolicy=\"strict-origin-when-cross-origin\" allowfullscreen><\/iframe><\/div><\/script><div class='av-click-to-play-overlay'><div class=\"avia_playpause_icon\"><\/div><\/div><\/div><\/p><\/div><\/div><!--close column table wrapper. Autoclose: 1 --><div class='flex_column_table av-av_one_full-c33aef027f3f866f0a89df6fbb8d478b sc-av_one_full av-equal-height-column-flextable'>\n<style type=\"text\/css\" data-created_by=\"avia_inline_auto\" id=\"style-css-av-av_one_full-c33aef027f3f866f0a89df6fbb8d478b\">\n.flex_column.av-av_one_full-c33aef027f3f866f0a89df6fbb8d478b{\nborder-radius:0px 0px 0px 0px;\npadding:40px 40px 40px 40px;\nbackground-color:rgba(0,173,109,0.4);\n}\n<\/style>\n<div  class='flex_column av-av_one_full-c33aef027f3f866f0a89df6fbb8d478b av_one_full  avia-builder-el-11  el_after_av_one_half  avia-builder-el-last  first no_margin flex_column_table_cell av-equal-height-column av-align-top  column-top-margin'     ><section  class='av_textblock_section av-av_textblock-0366cc7376be6c9e82a3e9cc8987b64f '   itemscope=\"itemscope\" itemtype=\"https:\/\/schema.org\/CreativeWork\" ><div class='avia_textblock'  itemprop=\"text\" ><h1>MS4Se<\/h1>\n<p>Exceptionally affordable the MS4Se allows you to obtain a complete and reliable CBC with 3-part-differential within 50 seconds.<\/p>\n<\/div><\/section><br \/>\n<div  class='togglecontainer av-av_toggle_container-8e0c6e39d39b619a829887bd54fff3ed  avia-builder-el-13  el_after_av_textblock  avia-builder-el-last  toggle_close_all' >\n<section class='av_toggle_section av-av_toggle-4f37f6cb59c6ad14ae484fa13d2f5096'  itemscope=\"itemscope\" itemtype=\"https:\/\/schema.org\/CreativeWork\" ><div role=\"tablist\" class=\"single_toggle\" data-tags=\"{All} \"  ><p id='toggle-toggle-id-3' data-fake-id='#toggle-id-3' class='toggler  av-title-above '  itemprop=\"headline\"  role='tab' tabindex='0' aria-controls='toggle-id-3' data-slide-speed=\"200\" data-title=\"Specifications\" data-title-open=\"\" data-aria_collapsed=\"Click to expand: Specifications\" data-aria_expanded=\"Click to collapse: Specifications\">Specifications<span class=\"toggle_icon\"><span class=\"vert_icon\"><\/span><span class=\"hor_icon\"><\/span><\/span><\/p><div id='toggle-id-3' aria-labelledby='toggle-toggle-id-3' role='region' class='toggle_wrap  av-title-above'  ><div class='toggle_content invers-color '  itemprop=\"text\" ><ul class=\"element4\">\n<li class=\"caracteristique \">Seulement une goutte de sang total<\/li>\n<li class=\"caracteristique \">Num\u00e9ration approche formule 18 param\u00e8tres<\/li>\n<\/ul>\n<p><strong>GB, GR, PLT, Hgb, Hct, Lym (%,#), Mon (%,#), Gra (%,#), VGM, TCMH, CCMH, IDR, VMP, Pct, IDP<\/strong><\/p>\n<ul class=\"element4\">\n<li class=\"caracteristique \">3 histogrammes :<\/li>\n<\/ul>\n<p><strong>GB, GR et PLT (affich\u00e9s et imprimables)<\/strong><\/p>\n<ul class=\"element4\">\n<li class=\"caracteristique \">4 banques pr\u00e9programm\u00e9es :<\/li>\n<li class=\"list \">Homme, Femme, et Nouveau-n\u00e9, 1 banque sang de contr\u00f4le<\/li>\n<li class=\"caracteristique \">Jusqu\u2019\u00e0 250 analyses en m\u00e9moire et 100 analyses pour le Contr\u00f4le Qualit\u00e9, avec histogrammes associ\u00e9s<\/li>\n<li class=\"caracteristique \">Jusqu&#8217;\u00e0 10 000 analyses en option<\/li>\n<li class=\"caracteristique \">Ecran couleur LCD 320&#215;240 points<\/li>\n<li class=\"caracteristique \">Imprimante thermique int\u00e9gr\u00e9e 24 colonnes\/384 points (en option)<\/li>\n<li class=\"caracteristique \">1 port USB et 1 port S\u00e9rie pour la connexion informatique<\/li>\n<li class=\"caracteristique \">En option : module Wi-Fi \/ Ethernet int\u00e9gr\u00e9 pour la connexion informatique<\/li>\n<\/ul>\n<\/div><\/div><\/div><\/section>\n<section class='av_toggle_section av-av_toggle-ea63e73d4cd705621210a5c7df3de932'  itemscope=\"itemscope\" itemtype=\"https:\/\/schema.org\/CreativeWork\" ><div role=\"tablist\" class=\"single_toggle\" data-tags=\"{All} \"  ><p id='toggle-toggle-id-4' data-fake-id='#toggle-id-4' class='toggler  av-title-above '  itemprop=\"headline\"  role='tab' tabindex='0' aria-controls='toggle-id-4' data-slide-speed=\"200\" data-title=\"Documents\" data-title-open=\"\" data-aria_collapsed=\"Click to expand: Documents\" data-aria_expanded=\"Click to collapse: Documents\">Documents<span class=\"toggle_icon\"><span class=\"vert_icon\"><\/span><span class=\"hor_icon\"><\/span><\/span><\/p><div id='toggle-id-4' aria-labelledby='toggle-toggle-id-4' role='region' class='toggle_wrap  av-title-above'  ><div class='toggle_content invers-color '  itemprop=\"text\" ><ul>\n<li><a href=\"http:\/\/mslabos.eu\/hum\/wp-content\/uploads\/2023\/03\/Plaquette-MS4Se-Hum-GB-2022.pdf\" target=\"_blank\" rel=\"noopener noreferrer\">MS4Se leaflet<\/a><\/li>\n<\/ul>\n<\/div><\/div><\/div><\/section>\n<\/div><\/p><\/div><\/div><!--close column table wrapper. Autoclose: 1 --><\/p>\n<\/div><\/div><\/div>\n","protected":false},"excerpt":{"rendered":"","protected":false},"author":3,"featured_media":0,"parent":1930,"menu_order":0,"comment_status":"closed","ping_status":"closed","template":"","meta":{"footnotes":""},"class_list":["post-2268","page","type-page","status-publish","hentry"],"_links":{"self":[{"href":"https:\/\/mslabos.eu\/hum\/en\/wp-json\/wp\/v2\/pages\/2268"}],"collection":[{"href":"https:\/\/mslabos.eu\/hum\/en\/wp-json\/wp\/v2\/pages"}],"about":[{"href":"https:\/\/mslabos.eu\/hum\/en\/wp-json\/wp\/v2\/types\/page"}],"author":[{"embeddable":true,"href":"https:\/\/mslabos.eu\/hum\/en\/wp-json\/wp\/v2\/users\/3"}],"replies":[{"embeddable":true,"href":"https:\/\/mslabos.eu\/hum\/en\/wp-json\/wp\/v2\/comments?post=2268"}],"version-history":[{"count":23,"href":"https:\/\/mslabos.eu\/hum\/en\/wp-json\/wp\/v2\/pages\/2268\/revisions"}],"predecessor-version":[{"id":3479,"href":"https:\/\/mslabos.eu\/hum\/en\/wp-json\/wp\/v2\/pages\/2268\/revisions\/3479"}],"up":[{"embeddable":true,"href":"https:\/\/mslabos.eu\/hum\/en\/wp-json\/wp\/v2\/pages\/1930"}],"wp:attachment":[{"href":"https:\/\/mslabos.eu\/hum\/en\/wp-json\/wp\/v2\/media?parent=2268"}],"curies":[{"name":"wp","href":"https:\/\/api.w.org\/{rel}","templated":true}]}}