{"id":1952,"date":"2017-05-14T23:16:01","date_gmt":"2017-05-14T21:16:01","guid":{"rendered":"http:\/\/questionthegrid.com\/devhumtest\/hematologia\/"},"modified":"2017-05-22T16:18:32","modified_gmt":"2017-05-22T14:18:32","slug":"hematologia","status":"publish","type":"page","link":"https:\/\/mslabos.eu\/hum\/es\/hematologia\/","title":{"rendered":"Productos"},"content":{"rendered":"<div id='av-layout-grid-1'  class='av-layout-grid-container av-av_layout_row-caf1f26e08707a2ebe9176b630e736c2 entry-content-wrapper main_color av-flex-cells  avia-builder-el-0  avia-builder-el-no-sibling   container_wrap fullsize'  >\n\n<style type=\"text\/css\" data-created_by=\"avia_inline_auto\" id=\"style-css-av-av_cell_one_full-f57c70f9f5a63fd800eb5b955b847c2a\">\n.flex_cell.av-av_cell_one_full-f57c70f9f5a63fd800eb5b955b847c2a{\nvertical-align:top;\n}\n.responsive #top #wrap_all .flex_cell.av-av_cell_one_full-f57c70f9f5a63fd800eb5b955b847c2a{\npadding:30px 30px 30px 30px !important;\n}\n<\/style>\n<div class='flex_cell av-av_cell_one_full-f57c70f9f5a63fd800eb5b955b847c2a av-gridrow-cell av_one_full no_margin  avia-builder-el-1  avia-builder-el-no-sibling '  ><div class='flex_cell_inner'><p>\n<style type=\"text\/css\" data-created_by=\"avia_inline_auto\" id=\"style-css-av-av_one_full-6126cab7d8fab8d08143dd2dacdf673c\">\n.flex_column.av-av_one_full-6126cab7d8fab8d08143dd2dacdf673c{\nborder-radius:0px 0px 0px 0px;\npadding:0px 0px 0px 0px;\n}\n<\/style>\n<div  class='flex_column av-av_one_full-6126cab7d8fab8d08143dd2dacdf673c av_one_full  avia-builder-el-2  el_before_av_hr  avia-builder-el-first  first flex_column_div av-zero-column-padding  '     ><section  class='av_textblock_section av-av_textblock-0366cc7376be6c9e82a3e9cc8987b64f '   itemscope=\"itemscope\" itemtype=\"https:\/\/schema.org\/CreativeWork\" ><div class='avia_textblock'  itemprop=\"text\" ><h3 style=\"text-align: center;\">Hematolog\u00eda<\/h3>\n<div class=\"descriptionRub\">\n<p style=\"text-align: center;\">Nuestros analizad\u00f3res se han vendido a millares de ejemplares a trav\u00e9s del mundo. Son totalmente autom\u00e1ticos y espec\u00edficamente adaptados para una utilizaci\u00f3n en los servicios de urgencias, los centros anticancerosos, los laboratorios de an\u00e1lisis p\u00fablicos o privados, cl\u00ednicas y hospitales. Permiten obtener en algunos minutos una numeraci\u00f3n sangu\u00ednea de 3 o 5 poblaciones completa y fiable.<\/p>\n<\/div>\n<\/div><\/section><\/div>\n<style type=\"text\/css\" data-created_by=\"avia_inline_auto\" id=\"style-css-av-av_hr-0688d0b0b6ed2f8b057db7a8270206df\">\n#top .hr.hr-invisible.av-av_hr-0688d0b0b6ed2f8b057db7a8270206df{\nheight:50px;\n}\n<\/style>\n<div  class='hr av-av_hr-0688d0b0b6ed2f8b057db7a8270206df hr-invisible  avia-builder-el-4  el_after_av_one_full  el_before_av_one_half '><span class='hr-inner '><span class=\"hr-inner-style\"><\/span><\/span><\/div><br \/>\n<div class='flex_column_table av-av_one_half-864199469696e24348b41c13bc85fe53 sc-av_one_half av-equal-height-column-flextable'>\n<style type=\"text\/css\" data-created_by=\"avia_inline_auto\" id=\"style-css-av-av_one_half-864199469696e24348b41c13bc85fe53\">\n.flex_column.av-av_one_half-864199469696e24348b41c13bc85fe53{\nborder-radius:0px 0px 0px 0px;\npadding:40px 40px 40px 40px;\nbackground-color:rgba(0,173,109,0.8);\n}\n<\/style>\n<div  class='flex_column av-av_one_half-864199469696e24348b41c13bc85fe53 av_one_half  avia-builder-el-5  el_after_av_hr  el_before_av_one_half  first no_margin flex_column_table_cell av-equal-height-column av-align-top  '     ><style type=\"text\/css\" data-created_by=\"avia_inline_auto\" id=\"style-css-av-av_textblock-0495ba487d93331d0a255e1072a23468\">\n#top .av_textblock_section.av-av_textblock-0495ba487d93331d0a255e1072a23468 .avia_textblock{\ncolor:#ffffff;\n}\n<\/style>\n<section  class='av_textblock_section av-av_textblock-0495ba487d93331d0a255e1072a23468 '   itemscope=\"itemscope\" itemtype=\"https:\/\/schema.org\/CreativeWork\" ><div class='avia_textblock av_inherit_color'  itemprop=\"text\" ><h3 style=\"text-align: center;\">GAMA MS4<\/h3>\n<p style=\"text-align: center;\">Analizadores hematol\u00f3gicos a la vez peque\u00f1os, fiables y con buenas prestaciones.<\/p>\n<\/div><\/section><br \/>\n\n<style type=\"text\/css\" data-created_by=\"avia_inline_auto\" id=\"style-css-av-av_image-89d9b9ee74fa740a14be2d5b80545689\">\n.avia-image-container.av-av_image-89d9b9ee74fa740a14be2d5b80545689 img.avia_image{\nbox-shadow:none;\n}\n.avia-image-container.av-av_image-89d9b9ee74fa740a14be2d5b80545689 .av-image-caption-overlay-center{\ncolor:#ffffff;\n}\n<\/style>\n<div  class='avia-image-container av-av_image-89d9b9ee74fa740a14be2d5b80545689 av-styling- avia-align-center  avia-builder-el-7  el_after_av_textblock  el_before_av_button '   itemprop=\"image\" itemscope=\"itemscope\" itemtype=\"https:\/\/schema.org\/ImageObject\" ><div class=\"avia-image-container-inner\"><div class=\"avia-image-overlay-wrap\"><img decoding=\"async\" fetchpriority=\"high\" class='wp-image-4230 avia-img-lazy-loading-not-4230 avia_image ' src=\"https:\/\/mslabos.eu\/hum\/wp-content\/uploads\/2017\/05\/MS4S-gris-3-180x180.png\" alt='' title='MS4S-gris-3'  height=\"180\" width=\"180\"  itemprop=\"thumbnailUrl\" srcset=\"https:\/\/mslabos.eu\/hum\/wp-content\/uploads\/2017\/05\/MS4S-gris-3-180x180.png 180w, https:\/\/mslabos.eu\/hum\/wp-content\/uploads\/2017\/05\/MS4S-gris-3-80x80.png 80w, https:\/\/mslabos.eu\/hum\/wp-content\/uploads\/2017\/05\/MS4S-gris-3-36x36.png 36w, https:\/\/mslabos.eu\/hum\/wp-content\/uploads\/2017\/05\/MS4S-gris-3-120x120.png 120w, https:\/\/mslabos.eu\/hum\/wp-content\/uploads\/2017\/05\/MS4S-gris-3-450x450.png 450w\" sizes=\"(max-width: 180px) 100vw, 180px\" \/><\/div><\/div><\/div><br \/>\n<div  class='avia-button-wrap av-av_button-a99acca6d64ad5274b5fc32f0a236a53-wrap avia-button-center  avia-builder-el-8  el_after_av_image  avia-builder-el-last '><a href='http:\/\/mslabos.eu\/hum\/es\/hematologia\/ms4\/'  class='avia-button av-av_button-a99acca6d64ad5274b5fc32f0a236a53 av-link-btn avia-icon_select-no avia-size-medium avia-position-center avia-color-theme-color'   aria-label=\"Saber m\u00e1s\"><span class='avia_iconbox_title' >Saber m\u00e1s<\/span><\/a><\/div><\/p><\/div>\n<style type=\"text\/css\" data-created_by=\"avia_inline_auto\" id=\"style-css-av-av_one_half-8a76b61c0458ab29c4d611b2e24e29da\">\n.flex_column.av-av_one_half-8a76b61c0458ab29c4d611b2e24e29da{\nborder-radius:0px 0px 0px 0px;\npadding:40px 40px 40px 40px;\nbackground-color:rgba(0,173,109,0.4);\n}\n<\/style>\n<div  class='flex_column av-av_one_half-8a76b61c0458ab29c4d611b2e24e29da av_one_half  avia-builder-el-9  el_after_av_one_half  el_before_av_one_half  no_margin flex_column_table_cell av-equal-height-column av-align-top  '     ><style type=\"text\/css\" data-created_by=\"avia_inline_auto\" id=\"style-css-av-av_textblock-a6940c2c5319e911680180d5de4c5043\">\n#top .av_textblock_section.av-av_textblock-a6940c2c5319e911680180d5de4c5043 .avia_textblock{\ncolor:#00ad6d;\n}\n<\/style>\n<section  class='av_textblock_section av-av_textblock-a6940c2c5319e911680180d5de4c5043 '   itemscope=\"itemscope\" itemtype=\"https:\/\/schema.org\/CreativeWork\" ><div class='avia_textblock av_inherit_color'  itemprop=\"text\" ><h3 style=\"text-align: center;\">GAMA MS9<\/h3>\n<p style=\"text-align: center;\">Una gama de analizadores vendida en cualquier parte del mundo desde 1993.<\/p>\n<\/div><\/section><br \/>\n\n<style type=\"text\/css\" data-created_by=\"avia_inline_auto\" id=\"style-css-av-av_image-f4a2cdf8f79ba0b35dd49ddb14c74101\">\n.avia-image-container.av-av_image-f4a2cdf8f79ba0b35dd49ddb14c74101 img.avia_image{\nbox-shadow:none;\n}\n.avia-image-container.av-av_image-f4a2cdf8f79ba0b35dd49ddb14c74101 .av-image-caption-overlay-center{\ncolor:#ffffff;\n}\n<\/style>\n<div  class='avia-image-container av-av_image-f4a2cdf8f79ba0b35dd49ddb14c74101 av-styling- avia-align-center  avia-builder-el-11  el_after_av_textblock  el_before_av_button '   itemprop=\"image\" itemscope=\"itemscope\" itemtype=\"https:\/\/schema.org\/ImageObject\" ><div class=\"avia-image-container-inner\"><div class=\"avia-image-overlay-wrap\"><img decoding=\"async\" fetchpriority=\"high\" class='wp-image-4122 avia-img-lazy-loading-not-4122 avia_image ' src=\"https:\/\/mslabos.eu\/hum\/wp-content\/uploads\/2017\/02\/hematologie-gamme-MS9-MS95-180x180.png\" alt='' title='hematologie-gamme-MS9-MS95'  height=\"180\" width=\"180\"  itemprop=\"thumbnailUrl\" srcset=\"https:\/\/mslabos.eu\/hum\/wp-content\/uploads\/2017\/02\/hematologie-gamme-MS9-MS95-180x180.png 180w, https:\/\/mslabos.eu\/hum\/wp-content\/uploads\/2017\/02\/hematologie-gamme-MS9-MS95-80x80.png 80w, https:\/\/mslabos.eu\/hum\/wp-content\/uploads\/2017\/02\/hematologie-gamme-MS9-MS95-36x36.png 36w, https:\/\/mslabos.eu\/hum\/wp-content\/uploads\/2017\/02\/hematologie-gamme-MS9-MS95-120x120.png 120w, https:\/\/mslabos.eu\/hum\/wp-content\/uploads\/2017\/02\/hematologie-gamme-MS9-MS95-450x450.png 450w\" sizes=\"(max-width: 180px) 100vw, 180px\" \/><\/div><\/div><\/div><br \/>\n<div  class='avia-button-wrap av-av_button-6162df9adc925e292a806a1965aa7dc0-wrap avia-button-center  avia-builder-el-12  el_after_av_image  avia-builder-el-last '><a href='http:\/\/mslabos.eu\/hum\/es\/hematologia\/ms9\/'  class='avia-button av-av_button-6162df9adc925e292a806a1965aa7dc0 av-link-btn avia-icon_select-no avia-size-medium avia-position-center avia-color-theme-color'   aria-label=\"Saber m\u00e1s\"><span class='avia_iconbox_title' >Saber m\u00e1s<\/span><\/a><\/div><\/p><\/div><\/div><!--close column table wrapper. Autoclose: 1 --><div class='flex_column_table av-av_one_half-c33aef027f3f866f0a89df6fbb8d478b sc-av_one_half av-equal-height-column-flextable'>\n<style type=\"text\/css\" data-created_by=\"avia_inline_auto\" id=\"style-css-av-av_one_half-c33aef027f3f866f0a89df6fbb8d478b\">\n.flex_column.av-av_one_half-c33aef027f3f866f0a89df6fbb8d478b{\nborder-radius:0px 0px 0px 0px;\npadding:40px 40px 40px 40px;\nbackground-color:rgba(0,173,109,0.4);\n}\n<\/style>\n<div  class='flex_column av-av_one_half-c33aef027f3f866f0a89df6fbb8d478b av_one_half  avia-builder-el-13  el_after_av_one_half  el_before_av_one_half  first no_margin flex_column_table_cell av-equal-height-column av-align-top  column-top-margin'     ><style type=\"text\/css\" data-created_by=\"avia_inline_auto\" id=\"style-css-av-av_textblock-a6940c2c5319e911680180d5de4c5043\">\n#top .av_textblock_section.av-av_textblock-a6940c2c5319e911680180d5de4c5043 .avia_textblock{\ncolor:#00ad6d;\n}\n<\/style>\n<section  class='av_textblock_section av-av_textblock-a6940c2c5319e911680180d5de4c5043 '   itemscope=\"itemscope\" itemtype=\"https:\/\/schema.org\/CreativeWork\" ><div class='avia_textblock av_inherit_color'  itemprop=\"text\" ><h3 style=\"text-align: center;\">CONSUMIBLES<\/h3>\n<p style=\"text-align: center;\">Los reactivos est\u00e1n fabricados por nuestra estructura suiza. Est\u00e1n disponibles en varios envases adaptados a sus necesidades.<\/p>\n<\/div><\/section><br \/>\n\n<style type=\"text\/css\" data-created_by=\"avia_inline_auto\" id=\"style-css-av-av_image-1956dc0038157cd927e47e1946685f97\">\n.avia-image-container.av-av_image-1956dc0038157cd927e47e1946685f97 img.avia_image{\nbox-shadow:none;\n}\n.avia-image-container.av-av_image-1956dc0038157cd927e47e1946685f97 .av-image-caption-overlay-center{\ncolor:#ffffff;\n}\n<\/style>\n<div  class='avia-image-container av-av_image-1956dc0038157cd927e47e1946685f97 av-styling- avia-align-center  avia-builder-el-15  el_after_av_textblock  el_before_av_button '   itemprop=\"image\" itemscope=\"itemscope\" itemtype=\"https:\/\/schema.org\/ImageObject\" ><div class=\"avia-image-container-inner\"><div class=\"avia-image-overlay-wrap\"><img decoding=\"async\" fetchpriority=\"high\" class='wp-image-4137 avia-img-lazy-loading-not-4137 avia_image ' src=\"https:\/\/mslabos.eu\/hum\/wp-content\/uploads\/2017\/02\/pack3-180x180.png\" alt='' title='hematologie-consommables-reactifs'  height=\"180\" width=\"180\"  itemprop=\"thumbnailUrl\" srcset=\"https:\/\/mslabos.eu\/hum\/wp-content\/uploads\/2017\/02\/pack3-180x180.png 180w, https:\/\/mslabos.eu\/hum\/wp-content\/uploads\/2017\/02\/pack3-80x80.png 80w, https:\/\/mslabos.eu\/hum\/wp-content\/uploads\/2017\/02\/pack3-36x36.png 36w, https:\/\/mslabos.eu\/hum\/wp-content\/uploads\/2017\/02\/pack3-120x120.png 120w, https:\/\/mslabos.eu\/hum\/wp-content\/uploads\/2017\/02\/pack3-450x450.png 450w\" sizes=\"(max-width: 180px) 100vw, 180px\" \/><\/div><\/div><\/div><br \/>\n<div  class='avia-button-wrap av-av_button-8425acabf87a68bdef31af2823e27190-wrap avia-button-center  avia-builder-el-16  el_after_av_image  avia-builder-el-last '><a href='http:\/\/mslabos.eu\/hum\/es\/hematologia\/consumibles-h\/'  class='avia-button av-av_button-8425acabf87a68bdef31af2823e27190 av-link-btn avia-icon_select-no avia-size-medium avia-position-center avia-color-theme-color'   aria-label=\"Saber m\u00e1s\"><span class='avia_iconbox_title' >Saber m\u00e1s<\/span><\/a><\/div><\/p><\/div>\n<style type=\"text\/css\" data-created_by=\"avia_inline_auto\" id=\"style-css-av-av_one_half-58f5f392cf351735cb17c32a793a52af\">\n.flex_column.av-av_one_half-58f5f392cf351735cb17c32a793a52af{\nborder-radius:0px 0px 0px 0px;\npadding:40px 40px 40px 40px;\nbackground-color:rgba(0,173,109,0.8);\n}\n<\/style>\n<div  class='flex_column av-av_one_half-58f5f392cf351735cb17c32a793a52af av_one_half  avia-builder-el-17  el_after_av_one_half  avia-builder-el-last  no_margin flex_column_table_cell av-equal-height-column av-align-top  column-top-margin'     ><style type=\"text\/css\" data-created_by=\"avia_inline_auto\" id=\"style-css-av-av_textblock-0495ba487d93331d0a255e1072a23468\">\n#top .av_textblock_section.av-av_textblock-0495ba487d93331d0a255e1072a23468 .avia_textblock{\ncolor:#ffffff;\n}\n<\/style>\n<section  class='av_textblock_section av-av_textblock-0495ba487d93331d0a255e1072a23468 '   itemscope=\"itemscope\" itemtype=\"https:\/\/schema.org\/CreativeWork\" ><div class='avia_textblock av_inherit_color'  itemprop=\"text\" ><h3 style=\"text-align: center;\">OTROS PRODUCTOS<\/h3>\n<p style=\"text-align: center;\">Para combinar con los analizadores de las gamas MS4 o MS9.<\/p>\n<\/div><\/section><br \/>\n\n<style type=\"text\/css\" data-created_by=\"avia_inline_auto\" id=\"style-css-av-av_image-676c5b84b468412a63849ad9ec4252d9\">\n.avia-image-container.av-av_image-676c5b84b468412a63849ad9ec4252d9 img.avia_image{\nbox-shadow:none;\n}\n.avia-image-container.av-av_image-676c5b84b468412a63849ad9ec4252d9 .av-image-caption-overlay-center{\ncolor:#ffffff;\n}\n<\/style>\n<div  class='avia-image-container av-av_image-676c5b84b468412a63849ad9ec4252d9 av-styling- avia-align-center  avia-builder-el-19  el_after_av_textblock  el_before_av_button '   itemprop=\"image\" itemscope=\"itemscope\" itemtype=\"https:\/\/schema.org\/ImageObject\" ><div class=\"avia-image-container-inner\"><div class=\"avia-image-overlay-wrap\"><img decoding=\"async\" fetchpriority=\"high\" class='wp-image-4134 avia-img-lazy-loading-not-4134 avia_image ' src=\"https:\/\/mslabos.eu\/hum\/wp-content\/uploads\/2017\/02\/MSmix-grand-180x180.png\" alt='' title='hematologie-autres-produits-MSmix'  height=\"180\" width=\"180\"  itemprop=\"thumbnailUrl\" srcset=\"https:\/\/mslabos.eu\/hum\/wp-content\/uploads\/2017\/02\/MSmix-grand-180x180.png 180w, https:\/\/mslabos.eu\/hum\/wp-content\/uploads\/2017\/02\/MSmix-grand-80x80.png 80w, https:\/\/mslabos.eu\/hum\/wp-content\/uploads\/2017\/02\/MSmix-grand-36x36.png 36w, https:\/\/mslabos.eu\/hum\/wp-content\/uploads\/2017\/02\/MSmix-grand-120x120.png 120w, https:\/\/mslabos.eu\/hum\/wp-content\/uploads\/2017\/02\/MSmix-grand-450x450.png 450w\" sizes=\"(max-width: 180px) 100vw, 180px\" \/><\/div><\/div><\/div><br \/>\n<div  class='avia-button-wrap av-av_button-8faa3b3d83529eb55ed4f7e6f9150fdc-wrap avia-button-center  avia-builder-el-20  el_after_av_image  avia-builder-el-last '><a href='http:\/\/mslabos.eu\/hum\/es\/hematologia\/otros-productos\/'  class='avia-button av-av_button-8faa3b3d83529eb55ed4f7e6f9150fdc av-link-btn avia-icon_select-no avia-size-medium avia-position-center avia-color-theme-color'   aria-label=\"Saber m\u00e1s\"><span class='avia_iconbox_title' >Saber m\u00e1s<\/span><\/a><\/div><\/p><\/div><\/div><!--close column table wrapper. Autoclose: 1 --><\/p>\n<\/div><\/div><\/div>\n","protected":false},"excerpt":{"rendered":"","protected":false},"author":3,"featured_media":0,"parent":0,"menu_order":0,"comment_status":"closed","ping_status":"closed","template":"","meta":{"footnotes":""},"class_list":["post-1952","page","type-page","status-publish","hentry"],"_links":{"self":[{"href":"https:\/\/mslabos.eu\/hum\/es\/wp-json\/wp\/v2\/pages\/1952"}],"collection":[{"href":"https:\/\/mslabos.eu\/hum\/es\/wp-json\/wp\/v2\/pages"}],"about":[{"href":"https:\/\/mslabos.eu\/hum\/es\/wp-json\/wp\/v2\/types\/page"}],"author":[{"embeddable":true,"href":"https:\/\/mslabos.eu\/hum\/es\/wp-json\/wp\/v2\/users\/3"}],"replies":[{"embeddable":true,"href":"https:\/\/mslabos.eu\/hum\/es\/wp-json\/wp\/v2\/comments?post=1952"}],"version-history":[{"count":11,"href":"https:\/\/mslabos.eu\/hum\/es\/wp-json\/wp\/v2\/pages\/1952\/revisions"}],"predecessor-version":[{"id":3033,"href":"https:\/\/mslabos.eu\/hum\/es\/wp-json\/wp\/v2\/pages\/1952\/revisions\/3033"}],"wp:attachment":[{"href":"https:\/\/mslabos.eu\/hum\/es\/wp-json\/wp\/v2\/media?parent=1952"}],"curies":[{"name":"wp","href":"https:\/\/api.w.org\/{rel}","templated":true}]}}