{"id":2026,"date":"2017-05-14T23:50:19","date_gmt":"2017-05-14T21:50:19","guid":{"rendered":"http:\/\/questionthegrid.com\/devhumtest\/hematologia\/ms9\/"},"modified":"2019-01-18T14:44:38","modified_gmt":"2019-01-18T13:44:38","slug":"ms9","status":"publish","type":"page","link":"https:\/\/mslabos.eu\/hum\/es\/hematologia\/ms9\/","title":{"rendered":"MS9"},"content":{"rendered":"<div id='av-layout-grid-1'  class='av-layout-grid-container av-av_layout_row-caf1f26e08707a2ebe9176b630e736c2 entry-content-wrapper main_color av-flex-cells  avia-builder-el-0  avia-builder-el-no-sibling   container_wrap fullsize'  >\n\n<style type=\"text\/css\" data-created_by=\"avia_inline_auto\" id=\"style-css-av-av_cell_one_full-f57c70f9f5a63fd800eb5b955b847c2a\">\n.flex_cell.av-av_cell_one_full-f57c70f9f5a63fd800eb5b955b847c2a{\nvertical-align:top;\n}\n.responsive #top #wrap_all .flex_cell.av-av_cell_one_full-f57c70f9f5a63fd800eb5b955b847c2a{\npadding:30px 30px 30px 30px !important;\n}\n<\/style>\n<div class='flex_cell av-av_cell_one_full-f57c70f9f5a63fd800eb5b955b847c2a av-gridrow-cell av_one_full no_margin  avia-builder-el-1  avia-builder-el-no-sibling '  ><div class='flex_cell_inner'><section  class='av_textblock_section av-av_textblock-0366cc7376be6c9e82a3e9cc8987b64f '   itemscope=\"itemscope\" itemtype=\"https:\/\/schema.org\/CreativeWork\" ><div class='avia_textblock'  itemprop=\"text\" ><h3 style=\"text-align: center;\">gama MS9<\/h3>\n<div class=\"descriptionRub\">\n<p style=\"text-align: center;\">La gama robusta y fiable de los analizadores MS9 permite obtener una numeraci\u00f3n sangu\u00ednea de 5 poblaciones desde 1993 en cualquier parte del mundo.<\/p>\n<\/div>\n<\/div><\/section><br \/>\n\n<style type=\"text\/css\" data-created_by=\"avia_inline_auto\" id=\"style-css-av-av_hr-0688d0b0b6ed2f8b057db7a8270206df\">\n#top .hr.hr-invisible.av-av_hr-0688d0b0b6ed2f8b057db7a8270206df{\nheight:50px;\n}\n<\/style>\n<div  class='hr av-av_hr-0688d0b0b6ed2f8b057db7a8270206df hr-invisible  avia-builder-el-3  el_after_av_textblock  el_before_av_one_half '><span class='hr-inner '><span class=\"hr-inner-style\"><\/span><\/span><\/div><br \/>\n<div class='flex_column_table av-av_one_half-5f518e1649f57c7e33db4be903e671ea sc-av_one_half av-equal-height-column-flextable'>\n<style type=\"text\/css\" data-created_by=\"avia_inline_auto\" id=\"style-css-av-av_one_half-5f518e1649f57c7e33db4be903e671ea\">\n.flex_column.av-av_one_half-5f518e1649f57c7e33db4be903e671ea{\nborder-width:10px;\nborder-color:rgba(0,173,109,0.8);\nborder-style:solid;\nborder-radius:0px 0px 0px 0px;\npadding:0px 0px 0px 0px;\n}\n<\/style>\n<div  class='flex_column av-av_one_half-5f518e1649f57c7e33db4be903e671ea av_one_half  avia-builder-el-4  el_after_av_hr  el_before_av_one_half  first no_margin flex_column_table_cell av-equal-height-column av-align-top av-zero-column-padding  '     ><style type=\"text\/css\" data-created_by=\"avia_inline_auto\" id=\"style-css-av-av_image-45aae96ffd0e6b390509528b5d39c588\">\n.avia-image-container.av-av_image-45aae96ffd0e6b390509528b5d39c588 img.avia_image{\nbox-shadow:none;\n}\n.avia-image-container.av-av_image-45aae96ffd0e6b390509528b5d39c588 .av-image-caption-overlay-center{\ncolor:#ffffff;\n}\n<\/style>\n<div  class='avia-image-container av-av_image-45aae96ffd0e6b390509528b5d39c588 av-styling- avia-align-center  avia-builder-el-5  avia-builder-el-no-sibling '   itemprop=\"image\" itemscope=\"itemscope\" itemtype=\"https:\/\/schema.org\/ImageObject\" ><div class=\"avia-image-container-inner\"><div class=\"avia-image-overlay-wrap\"><img decoding=\"async\" fetchpriority=\"high\" class='wp-image-4356 avia-img-lazy-loading-not-4356 avia_image ' src=\"https:\/\/mslabos.eu\/hum\/wp-content\/uploads\/2017\/01\/MS9-5sDETOURE.jpg\" alt='' title='MS9-5s'  height=\"3648\" width=\"2736\"  itemprop=\"thumbnailUrl\" srcset=\"https:\/\/mslabos.eu\/hum\/wp-content\/uploads\/2017\/01\/MS9-5sDETOURE.jpg 2736w, https:\/\/mslabos.eu\/hum\/wp-content\/uploads\/2017\/01\/MS9-5sDETOURE-225x300.jpg 225w, https:\/\/mslabos.eu\/hum\/wp-content\/uploads\/2017\/01\/MS9-5sDETOURE-768x1024.jpg 768w, https:\/\/mslabos.eu\/hum\/wp-content\/uploads\/2017\/01\/MS9-5sDETOURE-773x1030.jpg 773w, https:\/\/mslabos.eu\/hum\/wp-content\/uploads\/2017\/01\/MS9-5sDETOURE-1125x1500.jpg 1125w, https:\/\/mslabos.eu\/hum\/wp-content\/uploads\/2017\/01\/MS9-5sDETOURE-529x705.jpg 529w, https:\/\/mslabos.eu\/hum\/wp-content\/uploads\/2017\/01\/MS9-5sDETOURE-450x600.jpg 450w\" sizes=\"(max-width: 2736px) 100vw, 2736px\" \/><\/div><\/div><\/div><\/div>\n<style type=\"text\/css\" data-created_by=\"avia_inline_auto\" id=\"style-css-av-av_one_half-198e2b430717a78d10483a621e6b29cd\">\n.flex_column.av-av_one_half-198e2b430717a78d10483a621e6b29cd{\nborder-radius:0px 0px 0px 0px;\npadding:40px 40px 40px 40px;\nbackground-color:rgba(0,173,109,0.8);\n}\n<\/style>\n<div  class='flex_column av-av_one_half-198e2b430717a78d10483a621e6b29cd av_one_half  avia-builder-el-6  el_after_av_one_half  avia-builder-el-last  no_margin flex_column_table_cell av-equal-height-column av-align-top  '     ><style type=\"text\/css\" data-created_by=\"avia_inline_auto\" id=\"style-css-av-av_textblock-0495ba487d93331d0a255e1072a23468\">\n#top .av_textblock_section.av-av_textblock-0495ba487d93331d0a255e1072a23468 .avia_textblock{\ncolor:#ffffff;\n}\n<\/style>\n<section  class='av_textblock_section av-av_textblock-0495ba487d93331d0a255e1072a23468 '   itemscope=\"itemscope\" itemtype=\"https:\/\/schema.org\/CreativeWork\" ><div class='avia_textblock av_inherit_color'  itemprop=\"text\" ><h1>MS9-5S<\/h1>\n<p>El MS9-5s sucede al MS9-5. Conserva su fiabilidad y su prestaci\u00f3n anal\u00ed\u00adtica y tambi\u00e9n es ahora m\u00e1s f\u00e1cil de uso y m\u00e1s r\u00e1pido.<\/p>\n<div>\n<p>Descubran :<\/p>\n<ul>\n<li>Una velocidad de ejecuci\u00f3n hasta 70 numeraciones de 5 poblaciones por hora<\/li>\n<li>Una pantalla t\u00e1ctil<\/li>\n<li>Una interfaz Windows parecida a Windows XP<\/li>\n<\/ul>\n<\/div>\n<\/div><\/section><br \/>\n<div  class='togglecontainer av-av_toggle_container-8e0c6e39d39b619a829887bd54fff3ed  avia-builder-el-8  el_after_av_textblock  el_before_av_hr  toggle_close_all' >\n<section class='av_toggle_section av-av_toggle-d2441d44d3e7fc42c0dbb011d65ce603'  itemscope=\"itemscope\" itemtype=\"https:\/\/schema.org\/CreativeWork\" ><div role=\"tablist\" class=\"single_toggle\" data-tags=\"{Todo} \"  ><p id='toggle-toggle-id-1' data-fake-id='#toggle-id-1' class='toggler  av-title-above '  itemprop=\"headline\"  role='tab' tabindex='0' aria-controls='toggle-id-1' data-slide-speed=\"200\" data-title=\"Caracter\u00edsticas\" data-title-open=\"\" data-aria_collapsed=\"Click to expand: Caracter\u00edsticas\" data-aria_expanded=\"Click to collapse: Caracter\u00edsticas\">Caracter\u00edsticas<span class=\"toggle_icon\"><span class=\"vert_icon\"><\/span><span class=\"hor_icon\"><\/span><\/span><\/p><div id='toggle-id-1' aria-labelledby='toggle-toggle-id-1' role='region' class='toggle_wrap  av-title-above'  ><div class='toggle_content invers-color '  itemprop=\"text\" ><ul class=\"element4\">\n<li class=\"caracteristique \">Muestra de sangre de 60 \u00b5l con tasa de diluci\u00f3n programable<\/li>\n<li class=\"caracteristique \">29 par\u00e1metros de 5 poblaciones :<\/li>\n<\/ul>\n<p><strong>GB; Lym (%,#); Mon (%,#); Eo (%,#); Neu (%,#); Bas (%); GR; Hgb; HCT; VGM; CCMH; TCMH; IDR; RRg, PLT; VMP; PCT; IDP; Modo; Media; \u00b5PLT%; MacroPLT%<\/strong><\/p>\n<ul class=\"element4\">\n<li class=\"caracteristique \">3 histogramas y 1 scattergrama :<\/li>\n<\/ul>\n<p><strong>Histogramas : GR, PLT, EO. Scattergrama : para GB<\/strong><\/p>\n<ul class=\"element4\">\n<li class=\"caracteristique \">Bancos previamente programados :<\/li>\n<li class=\"list \">Hombre, Mujer, Reci\u00e9n nacido<\/li>\n<li class=\"caracteristique \">1 banco control y 200 bancos digitales programables<\/li>\n<li class=\"caracteristique \">Programa de gesti\u00f3n de control calidad de 3 niveles<\/li>\n<li class=\"caracteristique \">Pantalla t\u00e1ctil<\/li>\n<li class=\"caracteristique \">Una interfaz Windows parecida a Windows XP<\/li>\n<\/ul>\n<\/div><\/div><\/div><\/section>\n<section class='av_toggle_section av-av_toggle-f949851493a009cd4e724b7fdc8e6aeb'  itemscope=\"itemscope\" itemtype=\"https:\/\/schema.org\/CreativeWork\" ><div role=\"tablist\" class=\"single_toggle\" data-tags=\"{Todo} \"  ><p id='toggle-toggle-id-2' data-fake-id='#toggle-id-2' class='toggler  av-title-above '  itemprop=\"headline\"  role='tab' tabindex='0' aria-controls='toggle-id-2' data-slide-speed=\"200\" data-title=\"Documentos\" data-title-open=\"\" data-aria_collapsed=\"Click to expand: Documentos\" data-aria_expanded=\"Click to collapse: Documentos\">Documentos<span class=\"toggle_icon\"><span class=\"vert_icon\"><\/span><span class=\"hor_icon\"><\/span><\/span><\/p><div id='toggle-id-2' aria-labelledby='toggle-toggle-id-2' role='region' class='toggle_wrap  av-title-above'  ><div class='toggle_content invers-color '  itemprop=\"text\" ><ul>\n<li><a href=\"http:\/\/mslabos.eu\/hum\/wp-content\/uploads\/2019\/01\/MS95S_H_GB_2019_01_web.pdf\" target=\"_blank\" rel=\"noopener noreferrer\">El folleto MS9-5S<\/a><\/li>\n<\/ul>\n<\/div><\/div><\/div><\/section>\n<\/div><br \/>\n\n<style type=\"text\/css\" data-created_by=\"avia_inline_auto\" id=\"style-css-av-av_hr-0688d0b0b6ed2f8b057db7a8270206df\">\n#top .hr.hr-invisible.av-av_hr-0688d0b0b6ed2f8b057db7a8270206df{\nheight:50px;\n}\n<\/style>\n<div  class='hr av-av_hr-0688d0b0b6ed2f8b057db7a8270206df hr-invisible  avia-builder-el-9  el_after_av_toggle_container  el_before_av_video '><span class='hr-inner '><span class=\"hr-inner-style\"><\/span><\/span><\/div><br \/>\n<div  class='avia-video av-av_video-0622c7326a9c2a1064d877e666430c2a avia-video-16-9 av-no-preview-image avia-video-load-always av-lazyload-immediate av-lazyload-video-embed'  itemprop=\"video\" itemtype=\"https:\/\/schema.org\/VideoObject\"  data-original_url='https:\/\/www.youtube.com\/watch?v=KjL8S-RLNkM'><script type='text\/html' class='av-video-tmpl'><div class='avia-iframe-wrap'><iframe loading=\"lazy\" width=\"1500\" height=\"844\" src=\"https:\/\/www.youtube.com\/embed\/KjL8S-RLNkM?feature=oembed&autoplay=0&loop=0&controls=1&mute=0\" frameborder=\"0\" allowfullscreen><\/iframe><\/div><\/script><div class='av-click-to-play-overlay'><div class=\"avia_playpause_icon\"><\/div><\/div><\/div><\/p><\/div><\/div><!--close column table wrapper. Autoclose: 1 --><\/p>\n<\/div><\/div><\/div>\n","protected":false},"excerpt":{"rendered":"","protected":false},"author":3,"featured_media":0,"parent":1952,"menu_order":0,"comment_status":"closed","ping_status":"closed","template":"","meta":{"footnotes":""},"class_list":["post-2026","page","type-page","status-publish","hentry"],"_links":{"self":[{"href":"https:\/\/mslabos.eu\/hum\/es\/wp-json\/wp\/v2\/pages\/2026"}],"collection":[{"href":"https:\/\/mslabos.eu\/hum\/es\/wp-json\/wp\/v2\/pages"}],"about":[{"href":"https:\/\/mslabos.eu\/hum\/es\/wp-json\/wp\/v2\/types\/page"}],"author":[{"embeddable":true,"href":"https:\/\/mslabos.eu\/hum\/es\/wp-json\/wp\/v2\/users\/3"}],"replies":[{"embeddable":true,"href":"https:\/\/mslabos.eu\/hum\/es\/wp-json\/wp\/v2\/comments?post=2026"}],"version-history":[{"count":33,"href":"https:\/\/mslabos.eu\/hum\/es\/wp-json\/wp\/v2\/pages\/2026\/revisions"}],"predecessor-version":[{"id":2940,"href":"https:\/\/mslabos.eu\/hum\/es\/wp-json\/wp\/v2\/pages\/2026\/revisions\/2940"}],"up":[{"embeddable":true,"href":"https:\/\/mslabos.eu\/hum\/es\/wp-json\/wp\/v2\/pages\/1952"}],"wp:attachment":[{"href":"https:\/\/mslabos.eu\/hum\/es\/wp-json\/wp\/v2\/media?parent=2026"}],"curies":[{"name":"wp","href":"https:\/\/api.w.org\/{rel}","templated":true}]}}