{"id":2170,"date":"2017-05-17T14:17:43","date_gmt":"2017-05-17T12:17:43","guid":{"rendered":"http:\/\/questionthegrid.com\/devhumtest\/contacto\/formulario-de-declaracion\/"},"modified":"2023-05-15T12:45:38","modified_gmt":"2023-05-15T10:45:38","slug":"formulario-de-declaracion","status":"publish","type":"page","link":"https:\/\/mslabos.eu\/hum\/es\/contacto\/formulario-de-declaracion\/","title":{"rendered":"Formulario de declaraci\u00f3n"},"content":{"rendered":"\n<style type=\"text\/css\" data-created_by=\"avia_inline_auto\" id=\"style-css-av-av_textblock-8e5bdedebac81bcd937ed355ccd26d60\">\n#top .av_textblock_section.av-av_textblock-8e5bdedebac81bcd937ed355ccd26d60 .avia_textblock{\ncolor:#000000;\n}\n<\/style>\n<section  class='av_textblock_section av-av_textblock-8e5bdedebac81bcd937ed355ccd26d60 '   itemscope=\"itemscope\" itemtype=\"https:\/\/schema.org\/CreativeWork\" ><div class='avia_textblock av_inherit_color'  itemprop=\"text\" ><p><strong><span style=\"color: #000000;\">MS Laboratorios invita a los usuarios o los distribuidores de sus analizadores y reactivos a se\u00f1alar los incidentes, o riesgos de incidentes, susceptibles de estar en lazo con los productos, poniendo en disposici\u00f3n un formulario de declaraci\u00f3n.<\/span><\/strong><\/p>\n<p><strong><span style=\"color: #000000;\"><br \/>\n<\/span><\/strong><span style=\"color: #000000;\">Por su declaraciones, usted contribuir\u00e1 a la vigilancia continua y al mejoramiento de los productos MS Laboratorios.<\/span><\/p>\n<p><strong>El formulario debe enviarse por correo electr\u00f3nico a la siguiente direcci\u00f3n: reactovigilance@mslabos.com<\/strong><\/p>\n<\/div><\/section>\n<div  class='avia-button-wrap av-av_button-6e3a710fd0f709f12b03c5226bf2035f-wrap avia-button-center  avia-builder-el-1  el_after_av_textblock  avia-builder-el-last '><a href='http:\/\/mslabos.eu\/hum\/wp-content\/uploads\/2023\/03\/EN_QUA_270_02-D\u00e9claration-incident.pdf' class='avia-button av-av_button-6e3a710fd0f709f12b03c5226bf2035f av-link-btn avia-icon_select-no avia-size-medium avia-position-center av-icon-on-hover avia-color-theme-color' target=\"_blank\" rel=\"noopener noreferrer\" aria-label=\"Formulario de declaraci\u00f3n\"><span class='avia_iconbox_title' >Formulario de declaraci\u00f3n<\/span><\/a><\/div>\n","protected":false},"excerpt":{"rendered":"","protected":false},"author":3,"featured_media":0,"parent":1923,"menu_order":0,"comment_status":"closed","ping_status":"closed","template":"","meta":{"footnotes":""},"class_list":["post-2170","page","type-page","status-publish","hentry"],"_links":{"self":[{"href":"https:\/\/mslabos.eu\/hum\/es\/wp-json\/wp\/v2\/pages\/2170"}],"collection":[{"href":"https:\/\/mslabos.eu\/hum\/es\/wp-json\/wp\/v2\/pages"}],"about":[{"href":"https:\/\/mslabos.eu\/hum\/es\/wp-json\/wp\/v2\/types\/page"}],"author":[{"embeddable":true,"href":"https:\/\/mslabos.eu\/hum\/es\/wp-json\/wp\/v2\/users\/3"}],"replies":[{"embeddable":true,"href":"https:\/\/mslabos.eu\/hum\/es\/wp-json\/wp\/v2\/comments?post=2170"}],"version-history":[{"count":7,"href":"https:\/\/mslabos.eu\/hum\/es\/wp-json\/wp\/v2\/pages\/2170\/revisions"}],"predecessor-version":[{"id":3554,"href":"https:\/\/mslabos.eu\/hum\/es\/wp-json\/wp\/v2\/pages\/2170\/revisions\/3554"}],"up":[{"embeddable":true,"href":"https:\/\/mslabos.eu\/hum\/es\/wp-json\/wp\/v2\/pages\/1923"}],"wp:attachment":[{"href":"https:\/\/mslabos.eu\/hum\/es\/wp-json\/wp\/v2\/media?parent=2170"}],"curies":[{"name":"wp","href":"https:\/\/api.w.org\/{rel}","templated":true}]}}