{"id":314,"date":"2017-02-02T15:57:28","date_gmt":"2017-02-02T14:57:28","guid":{"rendered":"http:\/\/127.0.0.1\/vet\/?page_id=314"},"modified":"2025-02-24T13:34:18","modified_gmt":"2025-02-24T12:34:18","slug":"nos-sites","status":"publish","type":"page","link":"https:\/\/mslabos.eu\/hum\/nous-connaitre\/nos-sites\/","title":{"rendered":"Nos sites"},"content":{"rendered":"<div id='av-layout-grid-1'  class='av-layout-grid-container av-e9qua-b60a2442fbd65e6e4a2b34d72869e21a entry-content-wrapper main_color av-flex-cells  avia-builder-el-0  avia-builder-el-no-sibling   container_wrap fullsize'  >\n\n<style type=\"text\/css\" data-created_by=\"avia_inline_auto\" id=\"style-css-av-3pmtaa-0f9be417c318dd1d5aaeaf85f5b38d26\">\n.flex_cell.av-3pmtaa-0f9be417c318dd1d5aaeaf85f5b38d26{\nvertical-align:top;\n}\n.responsive #top #wrap_all .flex_cell.av-3pmtaa-0f9be417c318dd1d5aaeaf85f5b38d26{\npadding:30px 30px 30px 30px !important;\n}\n<\/style>\n<div class='flex_cell av-3pmtaa-0f9be417c318dd1d5aaeaf85f5b38d26 av-gridrow-cell av_one_full no_margin  avia-builder-el-1  avia-builder-el-no-sibling '  ><div class='flex_cell_inner'><section  class='av_textblock_section av-3jq1ka-e434d1f2c9724e56a59dd698b2bde9fe '   itemscope=\"itemscope\" itemtype=\"https:\/\/schema.org\/CreativeWork\" ><div class='avia_textblock'  itemprop=\"text\" ><h3 style=\"text-align: center;\">Nos sites<\/h3>\n<\/div><\/section><br \/>\n\n<style type=\"text\/css\" data-created_by=\"avia_inline_auto\" id=\"style-css-av-3g9uvu-90be7975fdc1995d1419784f779fae2c\">\n#top .hr.hr-invisible.av-3g9uvu-90be7975fdc1995d1419784f779fae2c{\nheight:50px;\n}\n<\/style>\n<div  class='hr av-3g9uvu-90be7975fdc1995d1419784f779fae2c hr-invisible  avia-builder-el-3  el_after_av_textblock  el_before_av_one_half '><span class='hr-inner '><span class=\"hr-inner-style\"><\/span><\/span><\/div><br \/>\n<div class='flex_column_table av-3aebwy-84256a9e88afa0e2a5edf4075a74dec6 sc-av_one_half av-equal-height-column-flextable'>\n<style type=\"text\/css\" data-created_by=\"avia_inline_auto\" id=\"style-css-av-3aebwy-84256a9e88afa0e2a5edf4075a74dec6\">\n.flex_column.av-3aebwy-84256a9e88afa0e2a5edf4075a74dec6{\nborder-width:10px;\nborder-color:rgba(0,173,109,0.8);\nborder-style:solid;\nborder-radius:0px 0px 0px 0px;\npadding:0px 0px 0px 0px;\n}\n<\/style>\n<div  class='flex_column av-3aebwy-84256a9e88afa0e2a5edf4075a74dec6 av_one_half  avia-builder-el-4  el_after_av_hr  el_before_av_one_half  first no_margin flex_column_table_cell av-equal-height-column av-align-top av-zero-column-padding  '     ><div  class='avia-slideshow av-314xlm-32774ea99b28fa594a7b650c6a4d56c2 avia-slideshow-portfolio av_slideshow avia-slide-slider  avia-builder-el-5  avia-builder-el-no-sibling  av-slideshow-ui av-control-default av-slideshow-autoplay av-loop-once av-loop-manual-endless av-default-height-applied avia-slideshow-1' data-slideshow-options=\"{&quot;animation&quot;:&quot;slide&quot;,&quot;autoplay&quot;:true,&quot;loop_autoplay&quot;:&quot;once&quot;,&quot;interval&quot;:3,&quot;loop_manual&quot;:&quot;manual-endless&quot;,&quot;autoplay_stopper&quot;:true,&quot;noNavigation&quot;:false,&quot;bg_slider&quot;:false,&quot;keep_padding&quot;:false,&quot;hoverpause&quot;:false,&quot;show_slide_delay&quot;:0}\"  itemprop=\"image\" itemscope=\"itemscope\" itemtype=\"https:\/\/schema.org\/ImageObject\" ><ul class='avia-slideshow-inner ' style='padding-bottom: 80.808080808081%;'><li  class='avia-slideshow-slide av-314xlm-32774ea99b28fa594a7b650c6a4d56c2__0  slide-1 slide-odd'><div data-rel='slideshow-1' class='avia-slide-wrap '   ><img decoding=\"async\" fetchpriority=\"high\" class=\"wp-image-346 avia-img-lazy-loading-not-346\"  src=\"https:\/\/mslabos.eu\/hum\/wp-content\/uploads\/2017\/02\/sites_lab_2-495x400.jpg\" width=\"495\" height=\"400\" title='nous-connaitre-nos-sites-lab2' alt=''  itemprop=\"thumbnailUrl\" srcset=\"https:\/\/mslabos.eu\/hum\/wp-content\/uploads\/2017\/02\/sites_lab_2-495x400.jpg 495w, https:\/\/mslabos.eu\/hum\/wp-content\/uploads\/2017\/02\/sites_lab_2-845x684.jpg 845w\" sizes=\"(max-width: 495px) 100vw, 495px\" \/><\/div><\/li><li  class='avia-slideshow-slide av-314xlm-32774ea99b28fa594a7b650c6a4d56c2__1  slide-2 slide-even'><div data-rel='slideshow-1' class='avia-slide-wrap '   ><img decoding=\"async\" fetchpriority=\"high\" class=\"wp-image-345 avia-img-lazy-loading-not-345\"  src=\"https:\/\/mslabos.eu\/hum\/wp-content\/uploads\/2017\/02\/sites_lab_1-495x400.jpg\" width=\"495\" height=\"400\" title='nous-connaitre-nos-sites-lab1' alt=''  itemprop=\"thumbnailUrl\"   \/><\/div><\/li><li  class='avia-slideshow-slide av-314xlm-32774ea99b28fa594a7b650c6a4d56c2__2  slide-3 slide-odd'><div data-rel='slideshow-1' class='avia-slide-wrap '   ><img decoding=\"async\" fetchpriority=\"high\" class=\"wp-image-2891 avia-img-lazy-loading-not-2891\"  src=\"https:\/\/mslabos.eu\/hum\/wp-content\/uploads\/2018\/11\/Afaq_13485-495x400.png\" width=\"495\" height=\"400\" title='Afaq_13485' alt=''  itemprop=\"thumbnailUrl\"   \/><\/div><\/li><\/ul><div class='avia-slideshow-arrows avia-slideshow-controls' ><a href='#prev' class='prev-slide ' aria-hidden='true' data-av_icon='\ue87c' data-av_iconfont='entypo-fontello'  tabindex='-1'>Pr\u00e9c\u00e9dent<\/a><a href='#next' class='next-slide ' aria-hidden='true' data-av_icon='\ue87d' data-av_iconfont='entypo-fontello'  tabindex='-1'>Suivant<\/a><\/div><div class='avia-slideshow-dots avia-slideshow-controls'><a href='#1' class='goto-slide active' >1<\/a><a href='#2' class='goto-slide ' >2<\/a><a href='#3' class='goto-slide ' >3<\/a><\/div><\/div><\/div>\n<style type=\"text\/css\" data-created_by=\"avia_inline_auto\" id=\"style-css-av-28860a-c259d10dc74c0137ec71e314785265db\">\n.flex_column.av-28860a-c259d10dc74c0137ec71e314785265db{\nborder-radius:0px 0px 0px 0px;\npadding:40px 40px 40px 40px;\nbackground-color:rgba(0,173,109,0.8);\n}\n<\/style>\n<div  class='flex_column av-28860a-c259d10dc74c0137ec71e314785265db av_one_half  avia-builder-el-6  el_after_av_one_half  el_before_av_one_half  no_margin flex_column_table_cell av-equal-height-column av-align-top  '     ><style type=\"text\/css\" data-created_by=\"avia_inline_auto\" id=\"style-css-av-23n9a2-a0fa7b295bbe33a2c71099c335b5cfea\">\n#top .av_textblock_section.av-23n9a2-a0fa7b295bbe33a2c71099c335b5cfea .avia_textblock{\ncolor:#ffffff;\n}\n<\/style>\n<section  class='av_textblock_section av-23n9a2-a0fa7b295bbe33a2c71099c335b5cfea '   itemscope=\"itemscope\" itemtype=\"https:\/\/schema.org\/CreativeWork\" ><div class='avia_textblock av_inherit_color'  itemprop=\"text\" ><h3>MELET SCHLOESING Laboratoires<\/h3>\n<p>MS Laboratoires est situ\u00e9 \u00e0 Osny \u00e0 environ 25 kilom\u00e8tres de Paris. Une soixantaine de personnes travaille sur ce site o\u00f9 sont bas\u00e9s l&rsquo;ensemble des services administratifs, la recherche &amp; d\u00e9veloppement et le service apr\u00e8s-vente.<\/p>\n<p>MS Laboratoires est certifi\u00e9 ISO 13485 : 2016.<\/p>\n<\/div><\/section><br \/>\n<div  class='togglecontainer av-6mchm-328c6fd5e3020ac03582ff0001f187a5  avia-builder-el-8  el_after_av_textblock  avia-builder-el-last  toggle_close_all' >\n<section class='av_toggle_section av-1riwy2-00a616bf669ab7e7b869ce54a2da9b1d'  itemscope=\"itemscope\" itemtype=\"https:\/\/schema.org\/CreativeWork\" ><div role=\"tablist\" class=\"single_toggle\" data-tags=\"{Tout} \"  ><p id='toggle-toggle-id-1' data-fake-id='#toggle-id-1' class='toggler  av-title-above '  itemprop=\"headline\"  role='tab' tabindex='0' aria-controls='toggle-id-1' data-slide-speed=\"200\" data-title=\"Documents\" data-title-open=\"\" data-aria_collapsed=\"Click to expand: Documents\" data-aria_expanded=\"Click to collapse: Documents\">Documents<span class=\"toggle_icon\"><span class=\"vert_icon\"><\/span><span class=\"hor_icon\"><\/span><\/span><\/p><div id='toggle-id-1' aria-labelledby='toggle-toggle-id-1' role='region' class='toggle_wrap  av-title-above'  ><div class='toggle_content invers-color '  itemprop=\"text\" ><ul>\n<li><a href=\"https:\/\/mslabos.eu\/hum\/wp-content\/uploads\/2025\/02\/CERTIFICAT-ISO-13485_MELET-SCHLOESING-LABORATOIRES.pdf\" target=\"_blank\" rel=\"noopener noreferrer\">ISO 13485 : 2016<\/a><\/li>\n<\/ul>\n<\/div><\/div><\/div><\/section>\n<\/div><\/p><\/div><\/div><!--close column table wrapper. Autoclose: 1 --><div class='flex_column_table av-1k5bzm-6934752105d8bcf8721ef475ddd1f442 sc-av_one_half av-equal-height-column-flextable'>\n<style type=\"text\/css\" data-created_by=\"avia_inline_auto\" id=\"style-css-av-1k5bzm-6934752105d8bcf8721ef475ddd1f442\">\n.flex_column.av-1k5bzm-6934752105d8bcf8721ef475ddd1f442{\nborder-radius:0px 0px 0px 0px;\npadding:40px 40px 40px 40px;\nbackground-color:rgba(0,173,109,0.4);\n}\n<\/style>\n<div  class='flex_column av-1k5bzm-6934752105d8bcf8721ef475ddd1f442 av_one_half  avia-builder-el-9  el_after_av_one_half  el_before_av_one_half  first no_margin flex_column_table_cell av-equal-height-column av-align-top  column-top-margin'     ><section  class='av_textblock_section av-4uine-eace0d31dfbb9596ce8c75588277bb95 '   itemscope=\"itemscope\" itemtype=\"https:\/\/schema.org\/CreativeWork\" ><div class='avia_textblock'  itemprop=\"text\" ><h3>MELET SCHLOESING Production<\/h3>\n<p>Situ\u00e9e \u00e9galement \u00e0 Osny, cette structure produit les analyseurs MS. Chaque ann\u00e9e, environ 2500 unit\u00e9s sortent de ses ateliers de montage. MS Production est certifi\u00e9e ISO 9001 depuis 2001.<\/p>\n<\/div><\/section><br \/>\n<div  class='togglecontainer av-19xd2q-8abc3db2aa6f32eec6fc3d65ad7c4f1a  avia-builder-el-11  el_after_av_textblock  avia-builder-el-last  toggle_close_all' >\n<section class='av_toggle_section av-11ij2i-a4473812fc5b0d3c358839b1033ab732'  itemscope=\"itemscope\" itemtype=\"https:\/\/schema.org\/CreativeWork\" ><div role=\"tablist\" class=\"single_toggle\" data-tags=\"{Tout} \"  ><p id='toggle-toggle-id-2' data-fake-id='#toggle-id-2' class='toggler  av-title-above '  itemprop=\"headline\"  role='tab' tabindex='0' aria-controls='toggle-id-2' data-slide-speed=\"200\" data-title=\"Documents\" data-title-open=\"\" data-aria_collapsed=\"Click to expand: Documents\" data-aria_expanded=\"Click to collapse: Documents\">Documents<span class=\"toggle_icon\"><span class=\"vert_icon\"><\/span><span class=\"hor_icon\"><\/span><\/span><\/p><div id='toggle-id-2' aria-labelledby='toggle-toggle-id-2' role='region' class='toggle_wrap  av-title-above'  ><div class='toggle_content invers-color '  itemprop=\"text\" ><ul>\n<li><a href=\"http:\/\/mslabos.eu\/hum\/wp-content\/uploads\/2023\/03\/certificat-iso-9001melet-schloesing-production.pdf\" target=\"_blank\" rel=\"noopener noreferrer\">ISO 9001 : 2015<\/a><\/li>\n<\/ul>\n<\/div><\/div><\/div><\/section>\n<\/div><\/p><\/div>\n<style type=\"text\/css\" data-created_by=\"avia_inline_auto\" id=\"style-css-av-xj516-dd8faf7be8adabc03a0b97630c96e015\">\n.flex_column.av-xj516-dd8faf7be8adabc03a0b97630c96e015{\nborder-width:10px;\nborder-color:rgba(0,173,109,0.4);\nborder-style:solid;\nborder-radius:0px 0px 0px 0px;\npadding:0px 0px 0px 0px;\n}\n<\/style>\n<div  class='flex_column av-xj516-dd8faf7be8adabc03a0b97630c96e015 av_one_half  avia-builder-el-12  el_after_av_one_half  avia-builder-el-last  no_margin flex_column_table_cell av-equal-height-column av-align-top av-zero-column-padding  column-top-margin'     ><div  class='avia-slideshow av-qf9m2-9237181e6fc1deb7baf0c740a1016b72 avia-slideshow-portfolio av_slideshow avia-slide-slider  avia-builder-el-13  avia-builder-el-no-sibling  av-slideshow-ui av-control-default av-slideshow-autoplay av-loop-once av-loop-manual-endless av-default-height-applied avia-slideshow-2' data-slideshow-options=\"{&quot;animation&quot;:&quot;slide&quot;,&quot;autoplay&quot;:true,&quot;loop_autoplay&quot;:&quot;once&quot;,&quot;interval&quot;:3,&quot;loop_manual&quot;:&quot;manual-endless&quot;,&quot;autoplay_stopper&quot;:true,&quot;noNavigation&quot;:false,&quot;bg_slider&quot;:false,&quot;keep_padding&quot;:false,&quot;hoverpause&quot;:false,&quot;show_slide_delay&quot;:0}\"  itemprop=\"image\" itemscope=\"itemscope\" itemtype=\"https:\/\/schema.org\/ImageObject\" ><ul class='avia-slideshow-inner ' style='padding-bottom: 80.808080808081%;'><li  class='avia-slideshow-slide av-qf9m2-9237181e6fc1deb7baf0c740a1016b72__0  slide-1 slide-odd'><div data-rel='slideshow-2' class='avia-slide-wrap '   ><img decoding=\"async\" fetchpriority=\"high\" class=\"wp-image-2889 avia-img-lazy-loading-not-2889\"  src=\"https:\/\/mslabos.eu\/hum\/wp-content\/uploads\/2018\/11\/Afaq_9001-495x400.png\" width=\"495\" height=\"400\" title='Afaq_9001' alt=''  itemprop=\"thumbnailUrl\"   \/><\/div><\/li><li  class='avia-slideshow-slide av-qf9m2-9237181e6fc1deb7baf0c740a1016b72__1  slide-2 slide-even'><div data-rel='slideshow-2' class='avia-slide-wrap '   ><img decoding=\"async\" fetchpriority=\"high\" class=\"wp-image-351 avia-img-lazy-loading-not-351\"  src=\"https:\/\/mslabos.eu\/hum\/wp-content\/uploads\/2017\/02\/sites_prod_1-495x400.jpg\" width=\"495\" height=\"400\" title='nous-connaitre-nos-sites-prod2' alt=''  itemprop=\"thumbnailUrl\" srcset=\"https:\/\/mslabos.eu\/hum\/wp-content\/uploads\/2017\/02\/sites_prod_1-495x400.jpg 495w, https:\/\/mslabos.eu\/hum\/wp-content\/uploads\/2017\/02\/sites_prod_1-845x684.jpg 845w\" sizes=\"(max-width: 495px) 100vw, 495px\" \/><\/div><\/li><li  class='avia-slideshow-slide av-qf9m2-9237181e6fc1deb7baf0c740a1016b72__2  slide-3 slide-odd'><div data-rel='slideshow-2' class='avia-slide-wrap '   ><img decoding=\"async\" fetchpriority=\"high\" class=\"wp-image-352 avia-img-lazy-loading-not-352\"  src=\"https:\/\/mslabos.eu\/hum\/wp-content\/uploads\/2017\/02\/sites_prod_2-495x400.jpg\" width=\"495\" height=\"400\" title='nous-connaitre-nos-sites-prod1' alt=''  itemprop=\"thumbnailUrl\" srcset=\"https:\/\/mslabos.eu\/hum\/wp-content\/uploads\/2017\/02\/sites_prod_2-495x400.jpg 495w, https:\/\/mslabos.eu\/hum\/wp-content\/uploads\/2017\/02\/sites_prod_2-845x684.jpg 845w\" sizes=\"(max-width: 495px) 100vw, 495px\" \/><\/div><\/li><\/ul><div class='avia-slideshow-arrows avia-slideshow-controls' ><a href='#prev' class='prev-slide ' aria-hidden='true' data-av_icon='\ue87c' data-av_iconfont='entypo-fontello'  tabindex='-1'>Pr\u00e9c\u00e9dent<\/a><a href='#next' class='next-slide ' aria-hidden='true' data-av_icon='\ue87d' data-av_iconfont='entypo-fontello'  tabindex='-1'>Suivant<\/a><\/div><div class='avia-slideshow-dots avia-slideshow-controls'><a href='#1' class='goto-slide active' >1<\/a><a href='#2' class='goto-slide ' >2<\/a><a href='#3' class='goto-slide ' >3<\/a><\/div><\/div><\/div><\/div><!--close column table wrapper. Autoclose: 1 --><\/p>\n<\/div><\/div><\/div>\n","protected":false},"excerpt":{"rendered":"","protected":false},"author":3,"featured_media":0,"parent":300,"menu_order":0,"comment_status":"closed","ping_status":"closed","template":"","meta":{"footnotes":""},"class_list":["post-314","page","type-page","status-publish","hentry"],"_links":{"self":[{"href":"https:\/\/mslabos.eu\/hum\/wp-json\/wp\/v2\/pages\/314"}],"collection":[{"href":"https:\/\/mslabos.eu\/hum\/wp-json\/wp\/v2\/pages"}],"about":[{"href":"https:\/\/mslabos.eu\/hum\/wp-json\/wp\/v2\/types\/page"}],"author":[{"embeddable":true,"href":"https:\/\/mslabos.eu\/hum\/wp-json\/wp\/v2\/users\/3"}],"replies":[{"embeddable":true,"href":"https:\/\/mslabos.eu\/hum\/wp-json\/wp\/v2\/comments?post=314"}],"version-history":[{"count":61,"href":"https:\/\/mslabos.eu\/hum\/wp-json\/wp\/v2\/pages\/314\/revisions"}],"predecessor-version":[{"id":4909,"href":"https:\/\/mslabos.eu\/hum\/wp-json\/wp\/v2\/pages\/314\/revisions\/4909"}],"up":[{"embeddable":true,"href":"https:\/\/mslabos.eu\/hum\/wp-json\/wp\/v2\/pages\/300"}],"wp:attachment":[{"href":"https:\/\/mslabos.eu\/hum\/wp-json\/wp\/v2\/media?parent=314"}],"curies":[{"name":"wp","href":"https:\/\/api.w.org\/{rel}","templated":true}]}}